{"id":75,"date":"2020-11-05T15:32:06","date_gmt":"2020-11-05T14:32:06","guid":{"rendered":"http:\/\/www.bernerzucht-vom-nierszug.de\/?page_id=75"},"modified":"2022-09-22T13:38:22","modified_gmt":"2022-09-22T11:38:22","slug":"ueber-uns","status":"publish","type":"page","link":"http:\/\/www.bernerzucht-vom-nierszug.de\/?page_id=75","title":{"rendered":"\u00dcber uns&#8230;"},"content":{"rendered":"\t\t<div data-elementor-type=\"wp-page\" data-elementor-id=\"75\" class=\"elementor elementor-75\">\n\t\t\t\t\t\t<div class=\"elementor-inner\">\n\t\t\t\t<div class=\"elementor-section-wrap\">\n\t\t\t\t\t\t\t\t\t<section class=\"elementor-section elementor-top-section elementor-element elementor-element-58bdb135 elementor-section-boxed elementor-section-height-default elementor-section-height-default\" data-id=\"58bdb135\" data-element_type=\"section\" data-settings=\"{&quot;background_background&quot;:&quot;classic&quot;}\">\n\t\t\t\t\t\t<div class=\"elementor-container elementor-column-gap-default\">\n\t\t\t\t\t\t\t<div class=\"elementor-row\">\n\t\t\t\t\t<div class=\"elementor-column elementor-col-100 elementor-top-column elementor-element elementor-element-eeaf2b\" data-id=\"eeaf2b\" data-element_type=\"column\">\n\t\t\t<div class=\"elementor-column-wrap elementor-element-populated\">\n\t\t\t\t\t\t\t<div class=\"elementor-widget-wrap\">\n\t\t\t\t\t\t<div class=\"elementor-element elementor-element-6f4b6f17 elementor-widget elementor-widget-image\" data-id=\"6f4b6f17\" data-element_type=\"widget\" data-widget_type=\"image.default\">\n\t\t\t\t<div class=\"elementor-widget-container\">\n\t\t\t\t\t\t\t\t<div class=\"elementor-image\">\n\t\t\t\t\t\t\t\t\t\t\t\t<img loading=\"lazy\" decoding=\"async\" width=\"1024\" height=\"284\" src=\"http:\/\/www.bernerzucht-vom-nierszug.de\/wp-content\/uploads\/2022\/09\/71F51952-6213-45D5-AD42-0557A4A311C9_1_201_a-1024x284.jpeg\" class=\"attachment-large size-large wp-image-1892\" alt=\"\" srcset=\"http:\/\/www.bernerzucht-vom-nierszug.de\/wp-content\/uploads\/2022\/09\/71F51952-6213-45D5-AD42-0557A4A311C9_1_201_a-1024x284.jpeg 1024w, http:\/\/www.bernerzucht-vom-nierszug.de\/wp-content\/uploads\/2022\/09\/71F51952-6213-45D5-AD42-0557A4A311C9_1_201_a-300x83.jpeg 300w, http:\/\/www.bernerzucht-vom-nierszug.de\/wp-content\/uploads\/2022\/09\/71F51952-6213-45D5-AD42-0557A4A311C9_1_201_a-768x213.jpeg 768w, http:\/\/www.bernerzucht-vom-nierszug.de\/wp-content\/uploads\/2022\/09\/71F51952-6213-45D5-AD42-0557A4A311C9_1_201_a-1536x427.jpeg 1536w, http:\/\/www.bernerzucht-vom-nierszug.de\/wp-content\/uploads\/2022\/09\/71F51952-6213-45D5-AD42-0557A4A311C9_1_201_a-2048x569.jpeg 2048w\" sizes=\"auto, (max-width: 1024px) 100vw, 1024px\" \/>\t\t\t\t\t\t\t\t\t\t\t\t\t\t<\/div>\n\t\t\t\t\t\t<\/div>\n\t\t\t\t<\/div>\n\t\t\t\t<section class=\"elementor-section elementor-inner-section elementor-element elementor-element-3881c737 elementor-section-boxed elementor-section-height-default elementor-section-height-default\" data-id=\"3881c737\" data-element_type=\"section\">\n\t\t\t\t\t\t<div class=\"elementor-container elementor-column-gap-default\">\n\t\t\t\t\t\t\t<div class=\"elementor-row\">\n\t\t\t\t\t<div class=\"elementor-column elementor-col-14 elementor-inner-column elementor-element elementor-element-34dcfe28\" data-id=\"34dcfe28\" data-element_type=\"column\">\n\t\t\t<div class=\"elementor-column-wrap elementor-element-populated\">\n\t\t\t\t\t\t\t<div class=\"elementor-widget-wrap\">\n\t\t\t\t\t\t<div class=\"elementor-element elementor-element-64057278 elementor-widget elementor-widget-heading\" data-id=\"64057278\" data-element_type=\"widget\" data-settings=\"{&quot;_animation&quot;:&quot;none&quot;}\" data-widget_type=\"heading.default\">\n\t\t\t\t<div class=\"elementor-widget-container\">\n\t\t\t<h2 class=\"elementor-heading-title elementor-size-small\"><a href=\"http:\/\/bernerzucht-vom-nierszug.de\/\">Home<\/a><\/h2>\t\t<\/div>\n\t\t\t\t<\/div>\n\t\t\t\t\t\t<\/div>\n\t\t\t\t\t<\/div>\n\t\t<\/div>\n\t\t\t\t<div class=\"elementor-column elementor-col-14 elementor-inner-column elementor-element elementor-element-3f091316\" data-id=\"3f091316\" data-element_type=\"column\">\n\t\t\t<div class=\"elementor-column-wrap elementor-element-populated\">\n\t\t\t\t\t\t\t<div class=\"elementor-widget-wrap\">\n\t\t\t\t\t\t<div class=\"elementor-element elementor-element-5a6dfabb elementor-widget elementor-widget-heading\" data-id=\"5a6dfabb\" data-element_type=\"widget\" data-widget_type=\"heading.default\">\n\t\t\t\t<div class=\"elementor-widget-container\">\n\t\t\t<h2 class=\"elementor-heading-title elementor-size-small\"><a href=\"http:\/\/bernerzucht-vom-nierszug.de\/?page_id=75\">\u00dcber uns...<\/a><\/h2>\t\t<\/div>\n\t\t\t\t<\/div>\n\t\t\t\t\t\t<\/div>\n\t\t\t\t\t<\/div>\n\t\t<\/div>\n\t\t\t\t<div class=\"elementor-column elementor-col-14 elementor-inner-column elementor-element elementor-element-11205eb9\" data-id=\"11205eb9\" data-element_type=\"column\">\n\t\t\t<div class=\"elementor-column-wrap elementor-element-populated\">\n\t\t\t\t\t\t\t<div class=\"elementor-widget-wrap\">\n\t\t\t\t\t\t<div class=\"elementor-element elementor-element-778445c7 elementor-widget elementor-widget-heading\" data-id=\"778445c7\" data-element_type=\"widget\" data-widget_type=\"heading.default\">\n\t\t\t\t<div class=\"elementor-widget-container\">\n\t\t\t<h2 class=\"elementor-heading-title elementor-size-small\"><a href=\"http:\/\/bernerzucht-vom-nierszug.de\/?page_id=77\">Unsere Berner<\/a><\/h2>\t\t<\/div>\n\t\t\t\t<\/div>\n\t\t\t\t\t\t<\/div>\n\t\t\t\t\t<\/div>\n\t\t<\/div>\n\t\t\t\t<div class=\"elementor-column elementor-col-14 elementor-inner-column elementor-element elementor-element-57319e45\" data-id=\"57319e45\" data-element_type=\"column\">\n\t\t\t<div class=\"elementor-column-wrap elementor-element-populated\">\n\t\t\t\t\t\t\t<div class=\"elementor-widget-wrap\">\n\t\t\t\t\t\t<div class=\"elementor-element elementor-element-13278232 elementor-widget elementor-widget-heading\" data-id=\"13278232\" data-element_type=\"widget\" data-widget_type=\"heading.default\">\n\t\t\t\t<div class=\"elementor-widget-container\">\n\t\t\t<h2 class=\"elementor-heading-title elementor-size-small\"><a href=\"http:\/\/bernerzucht-vom-nierszug.de\/?page_id=79\"> Welpen<\/a><\/h2>\t\t<\/div>\n\t\t\t\t<\/div>\n\t\t\t\t\t\t<\/div>\n\t\t\t\t\t<\/div>\n\t\t<\/div>\n\t\t\t\t<div class=\"elementor-column elementor-col-14 elementor-inner-column elementor-element elementor-element-644e4b79\" data-id=\"644e4b79\" data-element_type=\"column\">\n\t\t\t<div class=\"elementor-column-wrap elementor-element-populated\">\n\t\t\t\t\t\t\t<div class=\"elementor-widget-wrap\">\n\t\t\t\t\t\t<div class=\"elementor-element elementor-element-15745dd1 elementor-widget elementor-widget-heading\" data-id=\"15745dd1\" data-element_type=\"widget\" data-widget_type=\"heading.default\">\n\t\t\t\t<div class=\"elementor-widget-container\">\n\t\t\t<h2 class=\"elementor-heading-title elementor-size-small\"><a href=\"http:\/\/bernerzucht-vom-nierszug.de\/?page_id=81\">Zucht<\/a><\/h2>\t\t<\/div>\n\t\t\t\t<\/div>\n\t\t\t\t\t\t<\/div>\n\t\t\t\t\t<\/div>\n\t\t<\/div>\n\t\t\t\t<div class=\"elementor-column elementor-col-14 elementor-inner-column elementor-element elementor-element-37636f48\" data-id=\"37636f48\" data-element_type=\"column\">\n\t\t\t<div class=\"elementor-column-wrap elementor-element-populated\">\n\t\t\t\t\t\t\t<div class=\"elementor-widget-wrap\">\n\t\t\t\t\t\t<div class=\"elementor-element elementor-element-6b80e972 elementor-widget elementor-widget-heading\" data-id=\"6b80e972\" data-element_type=\"widget\" data-widget_type=\"heading.default\">\n\t\t\t\t<div class=\"elementor-widget-container\">\n\t\t\t<h2 class=\"elementor-heading-title elementor-size-small\"><a href=\"http:\/\/bernerzucht-vom-nierszug.de\/?page_id=73\"> Kontakt<\/a><\/h2>\t\t<\/div>\n\t\t\t\t<\/div>\n\t\t\t\t\t\t<\/div>\n\t\t\t\t\t<\/div>\n\t\t<\/div>\n\t\t\t\t<div class=\"elementor-column elementor-col-14 elementor-inner-column elementor-element elementor-element-7499bbe8\" data-id=\"7499bbe8\" data-element_type=\"column\">\n\t\t\t<div class=\"elementor-column-wrap elementor-element-populated\">\n\t\t\t\t\t\t\t<div class=\"elementor-widget-wrap\">\n\t\t\t\t\t\t<div class=\"elementor-element elementor-element-4dd6ea1b elementor-widget elementor-widget-heading\" data-id=\"4dd6ea1b\" data-element_type=\"widget\" data-widget_type=\"heading.default\">\n\t\t\t\t<div class=\"elementor-widget-container\">\n\t\t\t<h2 class=\"elementor-heading-title elementor-size-small\"><a href=\"http:\/\/bernerzucht-vom-nierszug.de\/?page_id=85\">B\u00fcchertipps<\/a><\/h2>\t\t<\/div>\n\t\t\t\t<\/div>\n\t\t\t\t\t\t<\/div>\n\t\t\t\t\t<\/div>\n\t\t<\/div>\n\t\t\t\t\t\t\t\t<\/div>\n\t\t\t\t\t<\/div>\n\t\t<\/section>\n\t\t\t\t<section class=\"elementor-section elementor-inner-section elementor-element elementor-element-88e7989 elementor-section-boxed elementor-section-height-default elementor-section-height-default\" data-id=\"88e7989\" data-element_type=\"section\">\n\t\t\t\t\t\t<div class=\"elementor-container elementor-column-gap-default\">\n\t\t\t\t\t\t\t<div class=\"elementor-row\">\n\t\t\t\t\t<div class=\"elementor-column elementor-col-50 elementor-inner-column elementor-element elementor-element-3337151\" data-id=\"3337151\" data-element_type=\"column\">\n\t\t\t<div class=\"elementor-column-wrap elementor-element-populated\">\n\t\t\t\t\t\t\t<div class=\"elementor-widget-wrap\">\n\t\t\t\t\t\t<div class=\"elementor-element elementor-element-d58b48e elementor-widget elementor-widget-image\" data-id=\"d58b48e\" data-element_type=\"widget\" data-widget_type=\"image.default\">\n\t\t\t\t<div class=\"elementor-widget-container\">\n\t\t\t\t\t\t\t\t<div class=\"elementor-image\">\n\t\t\t\t\t\t\t\t\t\t\t\t<img loading=\"lazy\" decoding=\"async\" width=\"220\" height=\"300\" src=\"http:\/\/www.bernerzucht-vom-nierszug.de\/wp-content\/uploads\/2020\/11\/F6DF7EBB-DE45-4EB5-BC3E-1B1A0AEFC1FE_4_5005_c.jpeg\" class=\"attachment-large size-large wp-image-298\" alt=\"\" \/>\t\t\t\t\t\t\t\t\t\t\t\t\t\t<\/div>\n\t\t\t\t\t\t<\/div>\n\t\t\t\t<\/div>\n\t\t\t\t\t\t<\/div>\n\t\t\t\t\t<\/div>\n\t\t<\/div>\n\t\t\t\t<div class=\"elementor-column elementor-col-50 elementor-inner-column elementor-element elementor-element-b8f40d2\" data-id=\"b8f40d2\" data-element_type=\"column\">\n\t\t\t<div class=\"elementor-column-wrap elementor-element-populated\">\n\t\t\t\t\t\t\t<div class=\"elementor-widget-wrap\">\n\t\t\t\t\t\t<div class=\"elementor-element elementor-element-62d594e elementor-widget elementor-widget-text-editor\" data-id=\"62d594e\" data-element_type=\"widget\" data-widget_type=\"text-editor.default\">\n\t\t\t\t<div class=\"elementor-widget-container\">\n\t\t\t\t\t\t\t\t<div class=\"elementor-text-editor elementor-clearfix\">\n\t\t\t\t<div><span style=\"color: #ffffff;\"><i>Im Januar 1998 kamen Freunde auf uns zu und machten uns auf einen Berner R\u00fcden aufmerksam, der mit 11 Monaten abgegeben werden sollte. Am gleichen Tag kam noch der Kontakt zustande, so dass wir 2 Tage sp\u00e4ter einen sch\u00fcchternen R\u00fcden besuchten und uns auf den ersten Blick klar wurde, das wir diesem Hund ein neues Zuhause geben w\u00fcrden. Von diesem Tage an war unsere Liebe zu einer traumhaften Rasse geboren. Max, war ein sch\u00fcchterner Hund, der erst lernen musste ein R\u00fcde zu sein und seiner Rasse gerecht zu werden. Max war v\u00f6llig unerfahren und es war uns eine Freude mit anzusehen, wie schnell diese Rasse nur durch Vertrauen und Liebe lernt. Wir ben\u00f6tigten ein Jahr mit viel Liebe und Geduld, auf Feldern, in einer Hundeschule und in der Stadt, bis wir einen vorzeigbaren, spielfreudigen und anh\u00e4nglichen stolzen Berner R\u00fcden hatten. Als unser R\u00fcde im April 2003 nach einer Operation an einer Magendrehung starb, brach bei uns die H\u00f6lle los. Unsere Kinder damals 6 und 3 Jahre kannten nichts anderes als von einem gro\u00dfen liebevollen, immer schmusebereiten Max von Morgens bis Abends umgeben zu sein. Es dauerte auch nicht lange, da war die passende junge Dame f\u00fcr unsere Familie gefunden. Wir besuchten unsere Fee jede Woche bis wir sie mit 10 Wochen abholen konnten. Seit Fee bei uns eingezogen ist, ist unsere Familie wieder gl\u00fccklich und komplett. Da wir durch unseren Max vorgepr\u00e4gt waren und 2 Kinder besitzen, war die Erziehung bei so einer liebevollen Rasse nicht schwer. Wir fuhren zur Welpenschule zum Spielen und Lernen und entschlossen uns im Sommer 2005 zum R\u00f6ntgen. HD- und ED- frei war das Ergebnis, was uns um so mehr best\u00e4tigte mit Fee auf Zuchtschauen zu gehen und sie zur K\u00f6rung am 26.03.2006 anzumelden, um die Vorraussetzungen f\u00fcr eine Zucht zu schaffen. Nach erf\u00f6lgreicher K\u00f6rung wurde Fee gedeckt. Wir bekamen 4 Welpen. So begann unsere Zucht&#8230;<\/i><\/span><\/div>\t\t\t\t\t<\/div>\n\t\t\t\t\t\t<\/div>\n\t\t\t\t<\/div>\n\t\t\t\t<div class=\"elementor-element elementor-element-1a1b1b6 elementor-widget elementor-widget-text-editor\" data-id=\"1a1b1b6\" data-element_type=\"widget\" data-widget_type=\"text-editor.default\">\n\t\t\t\t<div class=\"elementor-widget-container\">\n\t\t\t\t\t\t\t\t<div class=\"elementor-text-editor elementor-clearfix\">\n\t\t\t\t\t\t\t\t\t<\/div>\n\t\t\t\t\t\t<\/div>\n\t\t\t\t<\/div>\n\t\t\t\t\t\t<\/div>\n\t\t\t\t\t<\/div>\n\t\t<\/div>\n\t\t\t\t\t\t\t\t<\/div>\n\t\t\t\t\t<\/div>\n\t\t<\/section>\n\t\t\t\t\t\t<\/div>\n\t\t\t\t\t<\/div>\n\t\t<\/div>\n\t\t\t\t\t\t\t\t<\/div>\n\t\t\t\t\t<\/div>\n\t\t<\/section>\n\t\t\t\t<section class=\"elementor-section elementor-top-section elementor-element elementor-element-57ab1164 elementor-section-boxed elementor-section-height-default elementor-section-height-default\" data-id=\"57ab1164\" data-element_type=\"section\" data-settings=\"{&quot;background_background&quot;:&quot;classic&quot;}\">\n\t\t\t\t\t\t<div class=\"elementor-container elementor-column-gap-default\">\n\t\t\t\t\t\t\t<div class=\"elementor-row\">\n\t\t\t\t\t<div class=\"elementor-column elementor-col-33 elementor-top-column elementor-element elementor-element-19a220e7\" data-id=\"19a220e7\" data-element_type=\"column\">\n\t\t\t<div class=\"elementor-column-wrap elementor-element-populated\">\n\t\t\t\t\t\t\t<div class=\"elementor-widget-wrap\">\n\t\t\t\t\t\t<div class=\"elementor-element elementor-element-34d57428 elementor-invisible elementor-widget elementor-widget-heading\" data-id=\"34d57428\" data-element_type=\"widget\" data-settings=\"{&quot;_animation&quot;:&quot;fadeIn&quot;}\" data-widget_type=\"heading.default\">\n\t\t\t\t<div class=\"elementor-widget-container\">\n\t\t\t<h2 class=\"elementor-heading-title elementor-size-default\">SOCIAL<br><\/h2>\t\t<\/div>\n\t\t\t\t<\/div>\n\t\t\t\t<div class=\"elementor-element elementor-element-390f107c e-grid-align-tablet-left elementor-shape-rounded elementor-grid-0 e-grid-align-center elementor-widget elementor-widget-social-icons\" data-id=\"390f107c\" data-element_type=\"widget\" data-widget_type=\"social-icons.default\">\n\t\t\t\t<div class=\"elementor-widget-container\">\n\t\t\t\t\t<div class=\"elementor-social-icons-wrapper elementor-grid\">\n\t\t\t\t\t\t\t<span class=\"elementor-grid-item\">\n\t\t\t\t\t<a class=\"elementor-icon elementor-social-icon elementor-social-icon-instagram elementor-repeater-item-0a688c9\" href=\"https:\/\/www.instagram.com\/p\/CHLWr19hsul\/?igshid=1puh0f3me8az5\" target=\"_blank\">\n\t\t\t\t\t\t<span class=\"elementor-screen-only\">Instagram<\/span>\n\t\t\t\t\t\t<i class=\"fab fa-instagram\"><\/i>\t\t\t\t\t<\/a>\n\t\t\t\t<\/span>\n\t\t\t\t\t\t\t<span class=\"elementor-grid-item\">\n\t\t\t\t\t<a class=\"elementor-icon elementor-social-icon elementor-social-icon-facebook-f elementor-repeater-item-0444518\" target=\"_blank\">\n\t\t\t\t\t\t<span class=\"elementor-screen-only\">Facebook-f<\/span>\n\t\t\t\t\t\t<i class=\"fab fa-facebook-f\"><\/i>\t\t\t\t\t<\/a>\n\t\t\t\t<\/span>\n\t\t\t\t\t\t\t<span class=\"elementor-grid-item\">\n\t\t\t\t\t<a class=\"elementor-icon elementor-social-icon elementor-social-icon-whatsapp elementor-repeater-item-fec457a\" href=\"https:\/\/wa.me\/491749486809\" target=\"_blank\">\n\t\t\t\t\t\t<span class=\"elementor-screen-only\">Whatsapp<\/span>\n\t\t\t\t\t\t<i class=\"fab fa-whatsapp\"><\/i>\t\t\t\t\t<\/a>\n\t\t\t\t<\/span>\n\t\t\t\t\t<\/div>\n\t\t\t\t<\/div>\n\t\t\t\t<\/div>\n\t\t\t\t\t\t<\/div>\n\t\t\t\t\t<\/div>\n\t\t<\/div>\n\t\t\t\t<div class=\"elementor-column elementor-col-33 elementor-top-column elementor-element elementor-element-58eed614\" data-id=\"58eed614\" data-element_type=\"column\">\n\t\t\t<div class=\"elementor-column-wrap elementor-element-populated\">\n\t\t\t\t\t\t\t<div class=\"elementor-widget-wrap\">\n\t\t\t\t\t\t<div class=\"elementor-element elementor-element-7f4f7207 elementor-invisible elementor-widget elementor-widget-heading\" data-id=\"7f4f7207\" data-element_type=\"widget\" data-settings=\"{&quot;_animation&quot;:&quot;fadeIn&quot;}\" data-widget_type=\"heading.default\">\n\t\t\t\t<div class=\"elementor-widget-container\">\n\t\t\t<h2 class=\"elementor-heading-title elementor-size-default\"><br>wir z\u00fcchten seit 2004<br><br>mit gesunden Hunden, <br><br>alle Hunde sind<br> <br>HD  frei,  ED-0 und haben  <br> <br>\nAhnentafeln vom Schweizer<br><br> Sennenhund Verein         <br><br><br><\/h2>\t\t<\/div>\n\t\t\t\t<\/div>\n\t\t\t\t\t\t<\/div>\n\t\t\t\t\t<\/div>\n\t\t<\/div>\n\t\t\t\t<div class=\"elementor-column elementor-col-33 elementor-top-column elementor-element elementor-element-25ae04b2\" data-id=\"25ae04b2\" data-element_type=\"column\">\n\t\t\t<div class=\"elementor-column-wrap elementor-element-populated\">\n\t\t\t\t\t\t\t<div class=\"elementor-widget-wrap\">\n\t\t\t\t\t\t<div class=\"elementor-element elementor-element-6018c8f1 elementor-invisible elementor-widget elementor-widget-heading\" data-id=\"6018c8f1\" data-element_type=\"widget\" data-settings=\"{&quot;_animation&quot;:&quot;fadeIn&quot;}\" data-widget_type=\"heading.default\">\n\t\t\t\t<div class=\"elementor-widget-container\">\n\t\t\t<h2 class=\"elementor-heading-title elementor-size-default\"><a href=\"http:\/\/bernerzucht-vom-nierszug.de\/?page_id=87\">Impressum<\/a><\/h2>\t\t<\/div>\n\t\t\t\t<\/div>\n\t\t\t\t<div class=\"elementor-element elementor-element-537c324 elementor-invisible elementor-widget elementor-widget-heading\" data-id=\"537c324\" data-element_type=\"widget\" data-settings=\"{&quot;_animation&quot;:&quot;fadeIn&quot;}\" data-widget_type=\"heading.default\">\n\t\t\t\t<div class=\"elementor-widget-container\">\n\t\t\t<h2 class=\"elementor-heading-title elementor-size-default\"><a href=\"http:\/\/bernerzucht-vom-nierszug.de\/?page_id=89\">Datenschutz<\/a><\/h2>\t\t<\/div>\n\t\t\t\t<\/div>\n\t\t\t\t\t\t<\/div>\n\t\t\t\t\t<\/div>\n\t\t<\/div>\n\t\t\t\t\t\t\t\t<\/div>\n\t\t\t\t\t<\/div>\n\t\t<\/section>\n\t\t\t\t\t\t\t\t\t<\/div>\n\t\t\t<\/div>\n\t\t\t\t\t<\/div>\n\t\t","protected":false},"excerpt":{"rendered":"<p>Home \u00dcber uns&#8230; Unsere Berner Welpen Zucht Kontakt B\u00fcchertipps Im Januar 1998 kamen Freunde auf uns zu und machten uns auf einen Berner R\u00fcden aufmerksam, der mit 11 Monaten abgegeben werden sollte. Am gleichen Tag kam noch der Kontakt zustande, so dass wir 2 Tage sp\u00e4ter einen sch\u00fcchternen R\u00fcden besuchten und uns auf den ersten [&hellip;]<\/p>\n","protected":false},"author":1,"featured_media":0,"parent":0,"menu_order":0,"comment_status":"closed","ping_status":"closed","template":"","meta":{"footnotes":""},"class_list":["post-75","page","type-page","status-publish","hentry","entry"],"_links":{"self":[{"href":"http:\/\/www.bernerzucht-vom-nierszug.de\/index.php?rest_route=\/wp\/v2\/pages\/75","targetHints":{"allow":["GET"]}}],"collection":[{"href":"http:\/\/www.bernerzucht-vom-nierszug.de\/index.php?rest_route=\/wp\/v2\/pages"}],"about":[{"href":"http:\/\/www.bernerzucht-vom-nierszug.de\/index.php?rest_route=\/wp\/v2\/types\/page"}],"author":[{"embeddable":true,"href":"http:\/\/www.bernerzucht-vom-nierszug.de\/index.php?rest_route=\/wp\/v2\/users\/1"}],"replies":[{"embeddable":true,"href":"http:\/\/www.bernerzucht-vom-nierszug.de\/index.php?rest_route=%2Fwp%2Fv2%2Fcomments&post=75"}],"version-history":[{"count":34,"href":"http:\/\/www.bernerzucht-vom-nierszug.de\/index.php?rest_route=\/wp\/v2\/pages\/75\/revisions"}],"predecessor-version":[{"id":1943,"href":"http:\/\/www.bernerzucht-vom-nierszug.de\/index.php?rest_route=\/wp\/v2\/pages\/75\/revisions\/1943"}],"wp:attachment":[{"href":"http:\/\/www.bernerzucht-vom-nierszug.de\/index.php?rest_route=%2Fwp%2Fv2%2Fmedia&parent=75"}],"curies":[{"name":"wp","href":"https:\/\/api.w.org\/{rel}","templated":true}]}}