{"id":77,"date":"2020-11-05T15:33:51","date_gmt":"2020-11-05T14:33:51","guid":{"rendered":"http:\/\/www.bernerzucht-vom-nierszug.de\/?page_id=77"},"modified":"2022-09-22T16:01:42","modified_gmt":"2022-09-22T14:01:42","slug":"unsere-berner","status":"publish","type":"page","link":"http:\/\/www.bernerzucht-vom-nierszug.de\/?page_id=77","title":{"rendered":"Unsere Berner"},"content":{"rendered":"\t\t<div data-elementor-type=\"wp-page\" data-elementor-id=\"77\" class=\"elementor elementor-77\">\n\t\t\t\t\t\t<div class=\"elementor-inner\">\n\t\t\t\t<div class=\"elementor-section-wrap\">\n\t\t\t\t\t\t\t\t\t<section class=\"elementor-section elementor-top-section elementor-element elementor-element-21138d05 elementor-section-boxed elementor-section-height-default elementor-section-height-default\" data-id=\"21138d05\" data-element_type=\"section\" data-settings=\"{&quot;background_background&quot;:&quot;classic&quot;}\">\n\t\t\t\t\t\t<div class=\"elementor-container elementor-column-gap-default\">\n\t\t\t\t\t\t\t<div class=\"elementor-row\">\n\t\t\t\t\t<div class=\"elementor-column elementor-col-100 elementor-top-column elementor-element elementor-element-751d1f71\" data-id=\"751d1f71\" data-element_type=\"column\">\n\t\t\t<div class=\"elementor-column-wrap elementor-element-populated\">\n\t\t\t\t\t\t\t<div class=\"elementor-widget-wrap\">\n\t\t\t\t\t\t<div class=\"elementor-element elementor-element-32dcce9a elementor-widget elementor-widget-image\" data-id=\"32dcce9a\" data-element_type=\"widget\" data-widget_type=\"image.default\">\n\t\t\t\t<div class=\"elementor-widget-container\">\n\t\t\t\t\t\t\t\t<div class=\"elementor-image\">\n\t\t\t\t\t\t\t\t\t\t\t\t<img loading=\"lazy\" decoding=\"async\" width=\"1024\" height=\"284\" src=\"http:\/\/www.bernerzucht-vom-nierszug.de\/wp-content\/uploads\/2022\/09\/71F51952-6213-45D5-AD42-0557A4A311C9_1_201_a-1024x284.jpeg\" class=\"attachment-large size-large wp-image-1892\" alt=\"\" srcset=\"http:\/\/www.bernerzucht-vom-nierszug.de\/wp-content\/uploads\/2022\/09\/71F51952-6213-45D5-AD42-0557A4A311C9_1_201_a-1024x284.jpeg 1024w, http:\/\/www.bernerzucht-vom-nierszug.de\/wp-content\/uploads\/2022\/09\/71F51952-6213-45D5-AD42-0557A4A311C9_1_201_a-300x83.jpeg 300w, http:\/\/www.bernerzucht-vom-nierszug.de\/wp-content\/uploads\/2022\/09\/71F51952-6213-45D5-AD42-0557A4A311C9_1_201_a-768x213.jpeg 768w, http:\/\/www.bernerzucht-vom-nierszug.de\/wp-content\/uploads\/2022\/09\/71F51952-6213-45D5-AD42-0557A4A311C9_1_201_a-1536x427.jpeg 1536w, http:\/\/www.bernerzucht-vom-nierszug.de\/wp-content\/uploads\/2022\/09\/71F51952-6213-45D5-AD42-0557A4A311C9_1_201_a-2048x569.jpeg 2048w\" sizes=\"auto, (max-width: 1024px) 100vw, 1024px\" \/>\t\t\t\t\t\t\t\t\t\t\t\t\t\t<\/div>\n\t\t\t\t\t\t<\/div>\n\t\t\t\t<\/div>\n\t\t\t\t<section class=\"elementor-section elementor-inner-section elementor-element elementor-element-571b7462 elementor-section-boxed elementor-section-height-default elementor-section-height-default\" data-id=\"571b7462\" data-element_type=\"section\">\n\t\t\t\t\t\t<div class=\"elementor-container elementor-column-gap-default\">\n\t\t\t\t\t\t\t<div class=\"elementor-row\">\n\t\t\t\t\t<div class=\"elementor-column elementor-col-14 elementor-inner-column elementor-element elementor-element-21b0731\" data-id=\"21b0731\" data-element_type=\"column\">\n\t\t\t<div class=\"elementor-column-wrap elementor-element-populated\">\n\t\t\t\t\t\t\t<div class=\"elementor-widget-wrap\">\n\t\t\t\t\t\t<div class=\"elementor-element elementor-element-35ae0e59 elementor-widget elementor-widget-heading\" data-id=\"35ae0e59\" data-element_type=\"widget\" data-settings=\"{&quot;_animation&quot;:&quot;none&quot;}\" data-widget_type=\"heading.default\">\n\t\t\t\t<div class=\"elementor-widget-container\">\n\t\t\t<h2 class=\"elementor-heading-title elementor-size-small\"><a href=\"http:\/\/bernerzucht-vom-nierszug.de\/\">Home<\/a><\/h2>\t\t<\/div>\n\t\t\t\t<\/div>\n\t\t\t\t\t\t<\/div>\n\t\t\t\t\t<\/div>\n\t\t<\/div>\n\t\t\t\t<div class=\"elementor-column elementor-col-14 elementor-inner-column elementor-element elementor-element-6fd2d509\" data-id=\"6fd2d509\" data-element_type=\"column\">\n\t\t\t<div class=\"elementor-column-wrap elementor-element-populated\">\n\t\t\t\t\t\t\t<div class=\"elementor-widget-wrap\">\n\t\t\t\t\t\t<div class=\"elementor-element elementor-element-525e1728 elementor-widget elementor-widget-heading\" data-id=\"525e1728\" data-element_type=\"widget\" data-widget_type=\"heading.default\">\n\t\t\t\t<div class=\"elementor-widget-container\">\n\t\t\t<h2 class=\"elementor-heading-title elementor-size-small\"><a href=\"http:\/\/bernerzucht-vom-nierszug.de\/?page_id=75\">\u00dcber uns...<\/a><\/h2>\t\t<\/div>\n\t\t\t\t<\/div>\n\t\t\t\t\t\t<\/div>\n\t\t\t\t\t<\/div>\n\t\t<\/div>\n\t\t\t\t<div class=\"elementor-column elementor-col-14 elementor-inner-column elementor-element elementor-element-68da50f1\" data-id=\"68da50f1\" data-element_type=\"column\">\n\t\t\t<div class=\"elementor-column-wrap elementor-element-populated\">\n\t\t\t\t\t\t\t<div class=\"elementor-widget-wrap\">\n\t\t\t\t\t\t<div class=\"elementor-element elementor-element-66ad655c elementor-widget elementor-widget-heading\" data-id=\"66ad655c\" data-element_type=\"widget\" data-widget_type=\"heading.default\">\n\t\t\t\t<div class=\"elementor-widget-container\">\n\t\t\t<h2 class=\"elementor-heading-title elementor-size-small\"><a href=\"http:\/\/bernerzucht-vom-nierszug.de\/?page_id=77\">Unsere Berner<\/a><\/h2>\t\t<\/div>\n\t\t\t\t<\/div>\n\t\t\t\t\t\t<\/div>\n\t\t\t\t\t<\/div>\n\t\t<\/div>\n\t\t\t\t<div class=\"elementor-column elementor-col-14 elementor-inner-column elementor-element elementor-element-5c2b351e\" data-id=\"5c2b351e\" data-element_type=\"column\">\n\t\t\t<div class=\"elementor-column-wrap elementor-element-populated\">\n\t\t\t\t\t\t\t<div class=\"elementor-widget-wrap\">\n\t\t\t\t\t\t<div class=\"elementor-element elementor-element-7320d489 elementor-widget elementor-widget-heading\" data-id=\"7320d489\" data-element_type=\"widget\" data-widget_type=\"heading.default\">\n\t\t\t\t<div class=\"elementor-widget-container\">\n\t\t\t<h2 class=\"elementor-heading-title elementor-size-small\"><a href=\"http:\/\/bernerzucht-vom-nierszug.de\/?page_id=79\"> Welpen<\/a><\/h2>\t\t<\/div>\n\t\t\t\t<\/div>\n\t\t\t\t\t\t<\/div>\n\t\t\t\t\t<\/div>\n\t\t<\/div>\n\t\t\t\t<div class=\"elementor-column elementor-col-14 elementor-inner-column elementor-element elementor-element-1e9c524a\" data-id=\"1e9c524a\" data-element_type=\"column\">\n\t\t\t<div class=\"elementor-column-wrap elementor-element-populated\">\n\t\t\t\t\t\t\t<div class=\"elementor-widget-wrap\">\n\t\t\t\t\t\t<div class=\"elementor-element elementor-element-4b60b994 elementor-widget elementor-widget-heading\" data-id=\"4b60b994\" data-element_type=\"widget\" data-widget_type=\"heading.default\">\n\t\t\t\t<div class=\"elementor-widget-container\">\n\t\t\t<h2 class=\"elementor-heading-title elementor-size-small\"><a href=\"http:\/\/bernerzucht-vom-nierszug.de\/?page_id=81\">Zucht<\/a><\/h2>\t\t<\/div>\n\t\t\t\t<\/div>\n\t\t\t\t\t\t<\/div>\n\t\t\t\t\t<\/div>\n\t\t<\/div>\n\t\t\t\t<div class=\"elementor-column elementor-col-14 elementor-inner-column elementor-element elementor-element-579952d0\" data-id=\"579952d0\" data-element_type=\"column\">\n\t\t\t<div class=\"elementor-column-wrap elementor-element-populated\">\n\t\t\t\t\t\t\t<div class=\"elementor-widget-wrap\">\n\t\t\t\t\t\t<div class=\"elementor-element elementor-element-665245a5 elementor-widget elementor-widget-heading\" data-id=\"665245a5\" data-element_type=\"widget\" data-widget_type=\"heading.default\">\n\t\t\t\t<div class=\"elementor-widget-container\">\n\t\t\t<h2 class=\"elementor-heading-title elementor-size-small\"><a href=\"http:\/\/bernerzucht-vom-nierszug.de\/?page_id=73\"> Kontakt<\/a><\/h2>\t\t<\/div>\n\t\t\t\t<\/div>\n\t\t\t\t\t\t<\/div>\n\t\t\t\t\t<\/div>\n\t\t<\/div>\n\t\t\t\t<div class=\"elementor-column elementor-col-14 elementor-inner-column elementor-element elementor-element-4c720e6c\" data-id=\"4c720e6c\" data-element_type=\"column\">\n\t\t\t<div class=\"elementor-column-wrap elementor-element-populated\">\n\t\t\t\t\t\t\t<div class=\"elementor-widget-wrap\">\n\t\t\t\t\t\t<div class=\"elementor-element elementor-element-5d984c0e elementor-widget elementor-widget-heading\" data-id=\"5d984c0e\" data-element_type=\"widget\" data-widget_type=\"heading.default\">\n\t\t\t\t<div class=\"elementor-widget-container\">\n\t\t\t<h2 class=\"elementor-heading-title elementor-size-small\"><a href=\"http:\/\/bernerzucht-vom-nierszug.de\/?page_id=85\">B\u00fcchertipps<\/a><\/h2>\t\t<\/div>\n\t\t\t\t<\/div>\n\t\t\t\t\t\t<\/div>\n\t\t\t\t\t<\/div>\n\t\t<\/div>\n\t\t\t\t\t\t\t\t<\/div>\n\t\t\t\t\t<\/div>\n\t\t<\/section>\n\t\t\t\t<section class=\"elementor-section elementor-inner-section elementor-element elementor-element-2753112 elementor-section-boxed elementor-section-height-default elementor-section-height-default\" data-id=\"2753112\" data-element_type=\"section\">\n\t\t\t\t\t\t<div class=\"elementor-container elementor-column-gap-default\">\n\t\t\t\t\t\t\t<div class=\"elementor-row\">\n\t\t\t\t\t<div class=\"elementor-column elementor-col-50 elementor-inner-column elementor-element elementor-element-6e7cacf\" data-id=\"6e7cacf\" data-element_type=\"column\">\n\t\t\t<div class=\"elementor-column-wrap elementor-element-populated\">\n\t\t\t\t\t\t\t<div class=\"elementor-widget-wrap\">\n\t\t\t\t\t\t<div class=\"elementor-element elementor-element-ce1d244 elementor-widget elementor-widget-image\" data-id=\"ce1d244\" data-element_type=\"widget\" data-widget_type=\"image.default\">\n\t\t\t\t<div class=\"elementor-widget-container\">\n\t\t\t\t\t\t\t\t<div class=\"elementor-image\">\n\t\t\t\t\t\t\t\t\t\t\t\t<img loading=\"lazy\" decoding=\"async\" width=\"1024\" height=\"768\" src=\"http:\/\/www.bernerzucht-vom-nierszug.de\/wp-content\/uploads\/2021\/02\/A85DC70E-DE39-4BC5-8996-6B9AF12E7FB7-1024x768.jpeg\" class=\"attachment-large size-large wp-image-1216\" alt=\"\" srcset=\"http:\/\/www.bernerzucht-vom-nierszug.de\/wp-content\/uploads\/2021\/02\/A85DC70E-DE39-4BC5-8996-6B9AF12E7FB7-1024x768.jpeg 1024w, http:\/\/www.bernerzucht-vom-nierszug.de\/wp-content\/uploads\/2021\/02\/A85DC70E-DE39-4BC5-8996-6B9AF12E7FB7-300x225.jpeg 300w, http:\/\/www.bernerzucht-vom-nierszug.de\/wp-content\/uploads\/2021\/02\/A85DC70E-DE39-4BC5-8996-6B9AF12E7FB7-768x576.jpeg 768w, http:\/\/www.bernerzucht-vom-nierszug.de\/wp-content\/uploads\/2021\/02\/A85DC70E-DE39-4BC5-8996-6B9AF12E7FB7-1536x1152.jpeg 1536w, http:\/\/www.bernerzucht-vom-nierszug.de\/wp-content\/uploads\/2021\/02\/A85DC70E-DE39-4BC5-8996-6B9AF12E7FB7-2048x1536.jpeg 2048w\" sizes=\"auto, (max-width: 1024px) 100vw, 1024px\" \/>\t\t\t\t\t\t\t\t\t\t\t\t\t\t<\/div>\n\t\t\t\t\t\t<\/div>\n\t\t\t\t<\/div>\n\t\t\t\t<div class=\"elementor-element elementor-element-6b6fcf8 elementor-widget elementor-widget-image\" data-id=\"6b6fcf8\" data-element_type=\"widget\" data-widget_type=\"image.default\">\n\t\t\t\t<div class=\"elementor-widget-container\">\n\t\t\t\t\t\t\t\t<div class=\"elementor-image\">\n\t\t\t\t\t\t\t\t\t\t\t\t<img loading=\"lazy\" decoding=\"async\" width=\"768\" height=\"1014\" src=\"http:\/\/www.bernerzucht-vom-nierszug.de\/wp-content\/uploads\/2020\/11\/4E904F85-8283-49A2-9074-47D1E7842A96_1_201_a-768x1014.jpeg\" class=\"attachment-medium_large size-medium_large wp-image-499\" alt=\"\" srcset=\"http:\/\/www.bernerzucht-vom-nierszug.de\/wp-content\/uploads\/2020\/11\/4E904F85-8283-49A2-9074-47D1E7842A96_1_201_a-768x1014.jpeg 768w, http:\/\/www.bernerzucht-vom-nierszug.de\/wp-content\/uploads\/2020\/11\/4E904F85-8283-49A2-9074-47D1E7842A96_1_201_a-227x300.jpeg 227w, http:\/\/www.bernerzucht-vom-nierszug.de\/wp-content\/uploads\/2020\/11\/4E904F85-8283-49A2-9074-47D1E7842A96_1_201_a-776x1024.jpeg 776w, http:\/\/www.bernerzucht-vom-nierszug.de\/wp-content\/uploads\/2020\/11\/4E904F85-8283-49A2-9074-47D1E7842A96_1_201_a-1164x1536.jpeg 1164w, http:\/\/www.bernerzucht-vom-nierszug.de\/wp-content\/uploads\/2020\/11\/4E904F85-8283-49A2-9074-47D1E7842A96_1_201_a-1552x2048.jpeg 1552w, http:\/\/www.bernerzucht-vom-nierszug.de\/wp-content\/uploads\/2020\/11\/4E904F85-8283-49A2-9074-47D1E7842A96_1_201_a-scaled.jpeg 1940w\" sizes=\"auto, (max-width: 768px) 100vw, 768px\" \/>\t\t\t\t\t\t\t\t\t\t\t\t\t\t<\/div>\n\t\t\t\t\t\t<\/div>\n\t\t\t\t<\/div>\n\t\t\t\t\t\t<\/div>\n\t\t\t\t\t<\/div>\n\t\t<\/div>\n\t\t\t\t<div class=\"elementor-column elementor-col-50 elementor-inner-column elementor-element elementor-element-a8f5a1e\" data-id=\"a8f5a1e\" data-element_type=\"column\">\n\t\t\t<div class=\"elementor-column-wrap elementor-element-populated\">\n\t\t\t\t\t\t\t<div class=\"elementor-widget-wrap\">\n\t\t\t\t\t\t<div class=\"elementor-element elementor-element-9840e61 elementor-widget elementor-widget-text-editor\" data-id=\"9840e61\" data-element_type=\"widget\" data-widget_type=\"text-editor.default\">\n\t\t\t\t<div class=\"elementor-widget-container\">\n\t\t\t\t\t\t\t\t<div class=\"elementor-text-editor elementor-clearfix\">\n\t\t\t\t<h3>Das ist Odette \u00a0Zoe. Geboren wurde Zoe am 9.07.2017. Eine anh\u00e4ngliche und \u00a0verspielte H\u00fcndin. Sie \u00a0tobt gerne im Wasser und apportiert gerne. Ihr Element ist Sand und rastet total aus. Ich denke den Schalk sieht man ihr auch an.<\/h3><div>\u00a0<\/div><div><h3>HD A1 ED- 0<\/h3><\/div><div>\u00a0<\/div><div>\u00a0<\/div><div>\u00a0<\/div><div>\u00a0<\/div><div>\u00a0<\/div><div>\u00a0<\/div><div>\u00a0<\/div><div>\u00a0<\/div><div>\u00a0<\/div>\t\t\t\t\t<\/div>\n\t\t\t\t\t\t<\/div>\n\t\t\t\t<\/div>\n\t\t\t\t<div class=\"elementor-element elementor-element-3745b04 elementor-widget elementor-widget-text-editor\" data-id=\"3745b04\" data-element_type=\"widget\" data-widget_type=\"text-editor.default\">\n\t\t\t\t<div class=\"elementor-widget-container\">\n\t\t\t\t\t\t\t\t<div class=\"elementor-text-editor elementor-clearfix\">\n\t\t\t\t<h3>Rose ist ein Welpe von Zoes erstem Wurf. Sie ist am 21.05.2019 geboren und ist eine verspielte und verschmu\u00dfte H\u00fcndin. Rose ist mit ihrem 61cm eine sehr fligrane H\u00fcndin. Sie ist wie ihre Geschwister eine unglaubliche Wasserratte. Apportieren und F\u00e4rten suchen machen ihr sehr gro\u00dfen Spa\u00df.<\/h3><p>HD-A1 ED-0<\/p><h3><span style=\"font-size: 18px; font-weight: 600; background-color: var( --e-global-color-a24049d );\">\u00a0<\/span><\/h3>\t\t\t\t\t<\/div>\n\t\t\t\t\t\t<\/div>\n\t\t\t\t<\/div>\n\t\t\t\t\t\t<\/div>\n\t\t\t\t\t<\/div>\n\t\t<\/div>\n\t\t\t\t\t\t\t\t<\/div>\n\t\t\t\t\t<\/div>\n\t\t<\/section>\n\t\t\t\t<section class=\"elementor-section elementor-inner-section elementor-element elementor-element-f75d0ef elementor-section-boxed elementor-section-height-default elementor-section-height-default\" data-id=\"f75d0ef\" data-element_type=\"section\">\n\t\t\t\t\t\t<div class=\"elementor-container elementor-column-gap-default\">\n\t\t\t\t\t\t\t<div class=\"elementor-row\">\n\t\t\t\t\t<div class=\"elementor-column elementor-col-50 elementor-inner-column elementor-element elementor-element-a9b1790\" data-id=\"a9b1790\" data-element_type=\"column\">\n\t\t\t<div class=\"elementor-column-wrap elementor-element-populated\">\n\t\t\t\t\t\t\t<div class=\"elementor-widget-wrap\">\n\t\t\t\t\t\t<div class=\"elementor-element elementor-element-058fdec elementor-widget elementor-widget-image\" data-id=\"058fdec\" data-element_type=\"widget\" data-widget_type=\"image.default\">\n\t\t\t\t<div class=\"elementor-widget-container\">\n\t\t\t\t\t\t\t\t<div class=\"elementor-image\">\n\t\t\t\t\t\t\t\t\t\t\t\t<img loading=\"lazy\" decoding=\"async\" width=\"768\" height=\"1024\" src=\"http:\/\/www.bernerzucht-vom-nierszug.de\/wp-content\/uploads\/2021\/11\/C4CDBF5B-DB94-4307-AF9B-8CCACF391B18-768x1024.jpeg\" class=\"attachment-large size-large wp-image-1544\" alt=\"\" srcset=\"http:\/\/www.bernerzucht-vom-nierszug.de\/wp-content\/uploads\/2021\/11\/C4CDBF5B-DB94-4307-AF9B-8CCACF391B18-768x1024.jpeg 768w, http:\/\/www.bernerzucht-vom-nierszug.de\/wp-content\/uploads\/2021\/11\/C4CDBF5B-DB94-4307-AF9B-8CCACF391B18-225x300.jpeg 225w, http:\/\/www.bernerzucht-vom-nierszug.de\/wp-content\/uploads\/2021\/11\/C4CDBF5B-DB94-4307-AF9B-8CCACF391B18-1152x1536.jpeg 1152w, http:\/\/www.bernerzucht-vom-nierszug.de\/wp-content\/uploads\/2021\/11\/C4CDBF5B-DB94-4307-AF9B-8CCACF391B18.jpeg 1200w\" sizes=\"auto, (max-width: 768px) 100vw, 768px\" \/>\t\t\t\t\t\t\t\t\t\t\t\t\t\t<\/div>\n\t\t\t\t\t\t<\/div>\n\t\t\t\t<\/div>\n\t\t\t\t\t\t<\/div>\n\t\t\t\t\t<\/div>\n\t\t<\/div>\n\t\t\t\t<div class=\"elementor-column elementor-col-50 elementor-inner-column elementor-element elementor-element-682d7dc\" data-id=\"682d7dc\" data-element_type=\"column\">\n\t\t\t<div class=\"elementor-column-wrap elementor-element-populated\">\n\t\t\t\t\t\t\t<div class=\"elementor-widget-wrap\">\n\t\t\t\t\t\t<div class=\"elementor-element elementor-element-f6aafb0 elementor-widget elementor-widget-text-editor\" data-id=\"f6aafb0\" data-element_type=\"widget\" data-widget_type=\"text-editor.default\">\n\t\t\t\t<div class=\"elementor-widget-container\">\n\t\t\t\t\t\t\t\t<div class=\"elementor-text-editor elementor-clearfix\">\n\t\t\t\t<h3>Der Name von dieser h\u00fcbschen H\u00fcndin ist Queeny. Sie ist am 21.02.2019 geboren und hat nur Quatsch im Kopf. Sie ist sehr gelehrig, kann sehr gut apportieren und liebt das Wasser.<\/h3><div>\u00a0<\/div><div>HD-A1 ED-0<\/div><div>\u00a0<\/div><div>\u00a0<\/div><div>\u00a0<\/div><div>\u00a0<\/div>\t\t\t\t\t<\/div>\n\t\t\t\t\t\t<\/div>\n\t\t\t\t<\/div>\n\t\t\t\t<div class=\"elementor-element elementor-element-78b56c7 elementor-widget elementor-widget-text-editor\" data-id=\"78b56c7\" data-element_type=\"widget\" data-widget_type=\"text-editor.default\">\n\t\t\t\t<div class=\"elementor-widget-container\">\n\t\t\t\t\t\t\t\t<div class=\"elementor-text-editor elementor-clearfix\">\n\t\t\t\t\t\t\t\t\t<\/div>\n\t\t\t\t\t\t<\/div>\n\t\t\t\t<\/div>\n\t\t\t\t\t\t<\/div>\n\t\t\t\t\t<\/div>\n\t\t<\/div>\n\t\t\t\t\t\t\t\t<\/div>\n\t\t\t\t\t<\/div>\n\t\t<\/section>\n\t\t\t\t<section class=\"elementor-section elementor-inner-section elementor-element elementor-element-7a72b2d elementor-section-boxed elementor-section-height-default elementor-section-height-default\" data-id=\"7a72b2d\" data-element_type=\"section\">\n\t\t\t\t\t\t<div class=\"elementor-container elementor-column-gap-default\">\n\t\t\t\t\t\t\t<div class=\"elementor-row\">\n\t\t\t\t\t<div class=\"elementor-column elementor-col-50 elementor-inner-column elementor-element elementor-element-b5c77c2\" data-id=\"b5c77c2\" data-element_type=\"column\">\n\t\t\t<div class=\"elementor-column-wrap\">\n\t\t\t\t\t\t\t<div class=\"elementor-widget-wrap\">\n\t\t\t\t\t\t\t\t<\/div>\n\t\t\t\t\t<\/div>\n\t\t<\/div>\n\t\t\t\t<div class=\"elementor-column elementor-col-50 elementor-inner-column elementor-element elementor-element-5e5838e\" data-id=\"5e5838e\" data-element_type=\"column\">\n\t\t\t<div class=\"elementor-column-wrap\">\n\t\t\t\t\t\t\t<div class=\"elementor-widget-wrap\">\n\t\t\t\t\t\t\t\t<\/div>\n\t\t\t\t\t<\/div>\n\t\t<\/div>\n\t\t\t\t\t\t\t\t<\/div>\n\t\t\t\t\t<\/div>\n\t\t<\/section>\n\t\t\t\t\t\t<\/div>\n\t\t\t\t\t<\/div>\n\t\t<\/div>\n\t\t\t\t\t\t\t\t<\/div>\n\t\t\t\t\t<\/div>\n\t\t<\/section>\n\t\t\t\t<section class=\"elementor-section elementor-top-section elementor-element elementor-element-629dd0b7 elementor-section-boxed elementor-section-height-default elementor-section-height-default\" data-id=\"629dd0b7\" data-element_type=\"section\" data-settings=\"{&quot;background_background&quot;:&quot;classic&quot;}\">\n\t\t\t\t\t\t<div class=\"elementor-container elementor-column-gap-default\">\n\t\t\t\t\t\t\t<div class=\"elementor-row\">\n\t\t\t\t\t<div class=\"elementor-column elementor-col-33 elementor-top-column elementor-element elementor-element-36a22ad6\" data-id=\"36a22ad6\" data-element_type=\"column\">\n\t\t\t<div class=\"elementor-column-wrap elementor-element-populated\">\n\t\t\t\t\t\t\t<div class=\"elementor-widget-wrap\">\n\t\t\t\t\t\t<div class=\"elementor-element elementor-element-60a9e63b elementor-invisible elementor-widget elementor-widget-heading\" data-id=\"60a9e63b\" data-element_type=\"widget\" data-settings=\"{&quot;_animation&quot;:&quot;fadeIn&quot;}\" data-widget_type=\"heading.default\">\n\t\t\t\t<div class=\"elementor-widget-container\">\n\t\t\t<h2 class=\"elementor-heading-title elementor-size-default\">SOCIAL<br><\/h2>\t\t<\/div>\n\t\t\t\t<\/div>\n\t\t\t\t<div class=\"elementor-element elementor-element-4cfb89ad e-grid-align-tablet-left elementor-shape-rounded elementor-grid-0 e-grid-align-center elementor-widget elementor-widget-social-icons\" data-id=\"4cfb89ad\" data-element_type=\"widget\" data-widget_type=\"social-icons.default\">\n\t\t\t\t<div class=\"elementor-widget-container\">\n\t\t\t\t\t<div class=\"elementor-social-icons-wrapper elementor-grid\">\n\t\t\t\t\t\t\t<span class=\"elementor-grid-item\">\n\t\t\t\t\t<a class=\"elementor-icon elementor-social-icon elementor-social-icon-instagram elementor-repeater-item-0a688c9\" href=\"https:\/\/www.instagram.com\/p\/CHLWr19hsul\/?igshid=1puh0f3me8az5\" target=\"_blank\">\n\t\t\t\t\t\t<span class=\"elementor-screen-only\">Instagram<\/span>\n\t\t\t\t\t\t<i class=\"fab fa-instagram\"><\/i>\t\t\t\t\t<\/a>\n\t\t\t\t<\/span>\n\t\t\t\t\t\t\t<span class=\"elementor-grid-item\">\n\t\t\t\t\t<a class=\"elementor-icon elementor-social-icon elementor-social-icon-facebook-f elementor-repeater-item-0444518\" target=\"_blank\">\n\t\t\t\t\t\t<span class=\"elementor-screen-only\">Facebook-f<\/span>\n\t\t\t\t\t\t<i class=\"fab fa-facebook-f\"><\/i>\t\t\t\t\t<\/a>\n\t\t\t\t<\/span>\n\t\t\t\t\t\t\t<span class=\"elementor-grid-item\">\n\t\t\t\t\t<a class=\"elementor-icon elementor-social-icon elementor-social-icon-whatsapp elementor-repeater-item-fec457a\" href=\"https:\/\/wa.me\/491749486809\" target=\"_blank\">\n\t\t\t\t\t\t<span class=\"elementor-screen-only\">Whatsapp<\/span>\n\t\t\t\t\t\t<i class=\"fab fa-whatsapp\"><\/i>\t\t\t\t\t<\/a>\n\t\t\t\t<\/span>\n\t\t\t\t\t<\/div>\n\t\t\t\t<\/div>\n\t\t\t\t<\/div>\n\t\t\t\t\t\t<\/div>\n\t\t\t\t\t<\/div>\n\t\t<\/div>\n\t\t\t\t<div class=\"elementor-column elementor-col-33 elementor-top-column elementor-element elementor-element-2ed839d4\" data-id=\"2ed839d4\" data-element_type=\"column\">\n\t\t\t<div class=\"elementor-column-wrap elementor-element-populated\">\n\t\t\t\t\t\t\t<div class=\"elementor-widget-wrap\">\n\t\t\t\t\t\t<div class=\"elementor-element elementor-element-3edda1a0 elementor-invisible elementor-widget elementor-widget-heading\" data-id=\"3edda1a0\" data-element_type=\"widget\" data-settings=\"{&quot;_animation&quot;:&quot;fadeIn&quot;}\" data-widget_type=\"heading.default\">\n\t\t\t\t<div class=\"elementor-widget-container\">\n\t\t\t<h2 class=\"elementor-heading-title elementor-size-default\"><br>wir z\u00fcchten seit 2004<br><br>mit gesunden Hunden, <br><br>alle Hunde sind<br> <br>HD  frei,  ED-0 und haben  <br> <br>\nAhnentafeln vom Schweizer<br><br> Sennenhund Verein         <br><br><br><\/h2>\t\t<\/div>\n\t\t\t\t<\/div>\n\t\t\t\t\t\t<\/div>\n\t\t\t\t\t<\/div>\n\t\t<\/div>\n\t\t\t\t<div class=\"elementor-column elementor-col-33 elementor-top-column elementor-element elementor-element-5307d398\" data-id=\"5307d398\" data-element_type=\"column\">\n\t\t\t<div class=\"elementor-column-wrap elementor-element-populated\">\n\t\t\t\t\t\t\t<div class=\"elementor-widget-wrap\">\n\t\t\t\t\t\t<div class=\"elementor-element elementor-element-98bd1ab elementor-invisible elementor-widget elementor-widget-heading\" data-id=\"98bd1ab\" data-element_type=\"widget\" data-settings=\"{&quot;_animation&quot;:&quot;fadeIn&quot;}\" data-widget_type=\"heading.default\">\n\t\t\t\t<div class=\"elementor-widget-container\">\n\t\t\t<h2 class=\"elementor-heading-title elementor-size-default\"><a href=\"http:\/\/bernerzucht-vom-nierszug.de\/?page_id=87\">Impressum<\/a><\/h2>\t\t<\/div>\n\t\t\t\t<\/div>\n\t\t\t\t<div class=\"elementor-element elementor-element-76a5f2cc elementor-invisible elementor-widget elementor-widget-heading\" data-id=\"76a5f2cc\" data-element_type=\"widget\" data-settings=\"{&quot;_animation&quot;:&quot;fadeIn&quot;}\" data-widget_type=\"heading.default\">\n\t\t\t\t<div class=\"elementor-widget-container\">\n\t\t\t<h2 class=\"elementor-heading-title elementor-size-default\"><a href=\"http:\/\/bernerzucht-vom-nierszug.de\/?page_id=89\">Datenschutz<\/a><\/h2>\t\t<\/div>\n\t\t\t\t<\/div>\n\t\t\t\t\t\t<\/div>\n\t\t\t\t\t<\/div>\n\t\t<\/div>\n\t\t\t\t\t\t\t\t<\/div>\n\t\t\t\t\t<\/div>\n\t\t<\/section>\n\t\t\t\t\t\t\t\t\t<\/div>\n\t\t\t<\/div>\n\t\t\t\t\t<\/div>\n\t\t","protected":false},"excerpt":{"rendered":"<p>Home \u00dcber uns&#8230; Unsere Berner Welpen Zucht Kontakt B\u00fcchertipps Das ist Odette \u00a0Zoe. Geboren wurde Zoe am 9.07.2017. Eine anh\u00e4ngliche und \u00a0verspielte H\u00fcndin. Sie \u00a0tobt gerne im Wasser und apportiert gerne. Ihr Element ist Sand und rastet total aus. Ich denke den Schalk sieht man ihr auch an. \u00a0 HD A1 ED- 0 \u00a0\u00a0\u00a0\u00a0\u00a0\u00a0\u00a0\u00a0\u00a0 Rose [&hellip;]<\/p>\n","protected":false},"author":1,"featured_media":0,"parent":0,"menu_order":0,"comment_status":"closed","ping_status":"closed","template":"","meta":{"footnotes":""},"class_list":["post-77","page","type-page","status-publish","hentry","entry"],"_links":{"self":[{"href":"http:\/\/www.bernerzucht-vom-nierszug.de\/index.php?rest_route=\/wp\/v2\/pages\/77","targetHints":{"allow":["GET"]}}],"collection":[{"href":"http:\/\/www.bernerzucht-vom-nierszug.de\/index.php?rest_route=\/wp\/v2\/pages"}],"about":[{"href":"http:\/\/www.bernerzucht-vom-nierszug.de\/index.php?rest_route=\/wp\/v2\/types\/page"}],"author":[{"embeddable":true,"href":"http:\/\/www.bernerzucht-vom-nierszug.de\/index.php?rest_route=\/wp\/v2\/users\/1"}],"replies":[{"embeddable":true,"href":"http:\/\/www.bernerzucht-vom-nierszug.de\/index.php?rest_route=%2Fwp%2Fv2%2Fcomments&post=77"}],"version-history":[{"count":124,"href":"http:\/\/www.bernerzucht-vom-nierszug.de\/index.php?rest_route=\/wp\/v2\/pages\/77\/revisions"}],"predecessor-version":[{"id":1993,"href":"http:\/\/www.bernerzucht-vom-nierszug.de\/index.php?rest_route=\/wp\/v2\/pages\/77\/revisions\/1993"}],"wp:attachment":[{"href":"http:\/\/www.bernerzucht-vom-nierszug.de\/index.php?rest_route=%2Fwp%2Fv2%2Fmedia&parent=77"}],"curies":[{"name":"wp","href":"https:\/\/api.w.org\/{rel}","templated":true}]}}