{"id":81,"date":"2020-11-05T15:36:03","date_gmt":"2020-11-05T14:36:03","guid":{"rendered":"http:\/\/www.bernerzucht-vom-nierszug.de\/?page_id=81"},"modified":"2022-03-19T13:16:52","modified_gmt":"2022-03-19T12:16:52","slug":"zucht","status":"publish","type":"page","link":"http:\/\/www.bernerzucht-vom-nierszug.de\/?page_id=81","title":{"rendered":"Zucht"},"content":{"rendered":"\t\t<div data-elementor-type=\"wp-page\" data-elementor-id=\"81\" class=\"elementor elementor-81\">\n\t\t\t\t\t\t<div class=\"elementor-inner\">\n\t\t\t\t<div class=\"elementor-section-wrap\">\n\t\t\t\t\t\t\t\t\t<section class=\"elementor-section elementor-top-section elementor-element elementor-element-b87df4a elementor-section-boxed elementor-section-height-default elementor-section-height-default\" data-id=\"b87df4a\" data-element_type=\"section\" data-settings=\"{&quot;background_background&quot;:&quot;classic&quot;}\">\n\t\t\t\t\t\t<div class=\"elementor-container elementor-column-gap-default\">\n\t\t\t\t\t\t\t<div class=\"elementor-row\">\n\t\t\t\t\t<div class=\"elementor-column elementor-col-100 elementor-top-column elementor-element elementor-element-67153c8e\" data-id=\"67153c8e\" data-element_type=\"column\">\n\t\t\t<div class=\"elementor-column-wrap elementor-element-populated\">\n\t\t\t\t\t\t\t<div class=\"elementor-widget-wrap\">\n\t\t\t\t\t\t<div class=\"elementor-element elementor-element-67559de7 elementor-widget elementor-widget-image\" data-id=\"67559de7\" data-element_type=\"widget\" data-widget_type=\"image.default\">\n\t\t\t\t<div class=\"elementor-widget-container\">\n\t\t\t\t\t\t\t\t<div class=\"elementor-image\">\n\t\t\t\t\t\t\t\t\t\t\t\t<img loading=\"lazy\" decoding=\"async\" width=\"1024\" height=\"284\" src=\"http:\/\/www.bernerzucht-vom-nierszug.de\/wp-content\/uploads\/2020\/11\/Grundbildbalken-2-1024x284.jpg\" class=\"attachment-large size-large wp-image-137\" alt=\"\" srcset=\"http:\/\/www.bernerzucht-vom-nierszug.de\/wp-content\/uploads\/2020\/11\/Grundbildbalken-2-1024x284.jpg 1024w, http:\/\/www.bernerzucht-vom-nierszug.de\/wp-content\/uploads\/2020\/11\/Grundbildbalken-2-300x83.jpg 300w, http:\/\/www.bernerzucht-vom-nierszug.de\/wp-content\/uploads\/2020\/11\/Grundbildbalken-2-768x213.jpg 768w, http:\/\/www.bernerzucht-vom-nierszug.de\/wp-content\/uploads\/2020\/11\/Grundbildbalken-2-1536x427.jpg 1536w, http:\/\/www.bernerzucht-vom-nierszug.de\/wp-content\/uploads\/2020\/11\/Grundbildbalken-2-2048x569.jpg 2048w\" sizes=\"auto, (max-width: 1024px) 100vw, 1024px\" \/>\t\t\t\t\t\t\t\t\t\t\t\t\t\t<\/div>\n\t\t\t\t\t\t<\/div>\n\t\t\t\t<\/div>\n\t\t\t\t<section class=\"elementor-section elementor-inner-section elementor-element elementor-element-2e98b51f elementor-section-boxed elementor-section-height-default elementor-section-height-default\" data-id=\"2e98b51f\" data-element_type=\"section\">\n\t\t\t\t\t\t<div class=\"elementor-container elementor-column-gap-default\">\n\t\t\t\t\t\t\t<div class=\"elementor-row\">\n\t\t\t\t\t<div class=\"elementor-column elementor-col-14 elementor-inner-column elementor-element elementor-element-49f3438f\" data-id=\"49f3438f\" data-element_type=\"column\">\n\t\t\t<div class=\"elementor-column-wrap elementor-element-populated\">\n\t\t\t\t\t\t\t<div class=\"elementor-widget-wrap\">\n\t\t\t\t\t\t<div class=\"elementor-element elementor-element-7d46c78f elementor-widget elementor-widget-heading\" data-id=\"7d46c78f\" data-element_type=\"widget\" data-settings=\"{&quot;_animation&quot;:&quot;none&quot;}\" data-widget_type=\"heading.default\">\n\t\t\t\t<div class=\"elementor-widget-container\">\n\t\t\t<h2 class=\"elementor-heading-title elementor-size-small\"><a href=\"http:\/\/bernerzucht-vom-nierszug.de\/\">Home<\/a><\/h2>\t\t<\/div>\n\t\t\t\t<\/div>\n\t\t\t\t\t\t<\/div>\n\t\t\t\t\t<\/div>\n\t\t<\/div>\n\t\t\t\t<div class=\"elementor-column elementor-col-14 elementor-inner-column elementor-element elementor-element-c76463\" data-id=\"c76463\" data-element_type=\"column\">\n\t\t\t<div class=\"elementor-column-wrap elementor-element-populated\">\n\t\t\t\t\t\t\t<div class=\"elementor-widget-wrap\">\n\t\t\t\t\t\t<div class=\"elementor-element elementor-element-1f7f7b54 elementor-widget elementor-widget-heading\" data-id=\"1f7f7b54\" data-element_type=\"widget\" data-widget_type=\"heading.default\">\n\t\t\t\t<div class=\"elementor-widget-container\">\n\t\t\t<h2 class=\"elementor-heading-title elementor-size-small\"><a href=\"http:\/\/bernerzucht-vom-nierszug.de\/?page_id=75\">\u00dcber uns...<\/a><\/h2>\t\t<\/div>\n\t\t\t\t<\/div>\n\t\t\t\t\t\t<\/div>\n\t\t\t\t\t<\/div>\n\t\t<\/div>\n\t\t\t\t<div class=\"elementor-column elementor-col-14 elementor-inner-column elementor-element elementor-element-5337cde9\" data-id=\"5337cde9\" data-element_type=\"column\">\n\t\t\t<div class=\"elementor-column-wrap elementor-element-populated\">\n\t\t\t\t\t\t\t<div class=\"elementor-widget-wrap\">\n\t\t\t\t\t\t<div class=\"elementor-element elementor-element-2a07d239 elementor-widget elementor-widget-heading\" data-id=\"2a07d239\" data-element_type=\"widget\" data-widget_type=\"heading.default\">\n\t\t\t\t<div class=\"elementor-widget-container\">\n\t\t\t<h2 class=\"elementor-heading-title elementor-size-small\"><a href=\"http:\/\/bernerzucht-vom-nierszug.de\/?page_id=77\">Unsere Berner<\/a><\/h2>\t\t<\/div>\n\t\t\t\t<\/div>\n\t\t\t\t\t\t<\/div>\n\t\t\t\t\t<\/div>\n\t\t<\/div>\n\t\t\t\t<div class=\"elementor-column elementor-col-14 elementor-inner-column elementor-element elementor-element-1a31e199\" data-id=\"1a31e199\" data-element_type=\"column\">\n\t\t\t<div class=\"elementor-column-wrap elementor-element-populated\">\n\t\t\t\t\t\t\t<div class=\"elementor-widget-wrap\">\n\t\t\t\t\t\t<div class=\"elementor-element elementor-element-7b47414a elementor-widget elementor-widget-heading\" data-id=\"7b47414a\" data-element_type=\"widget\" data-widget_type=\"heading.default\">\n\t\t\t\t<div class=\"elementor-widget-container\">\n\t\t\t<h2 class=\"elementor-heading-title elementor-size-small\"><a href=\"http:\/\/bernerzucht-vom-nierszug.de\/?page_id=79\"> Welpen<\/a><\/h2>\t\t<\/div>\n\t\t\t\t<\/div>\n\t\t\t\t\t\t<\/div>\n\t\t\t\t\t<\/div>\n\t\t<\/div>\n\t\t\t\t<div class=\"elementor-column elementor-col-14 elementor-inner-column elementor-element elementor-element-648389b0\" data-id=\"648389b0\" data-element_type=\"column\">\n\t\t\t<div class=\"elementor-column-wrap elementor-element-populated\">\n\t\t\t\t\t\t\t<div class=\"elementor-widget-wrap\">\n\t\t\t\t\t\t<div class=\"elementor-element elementor-element-12c1e466 elementor-widget elementor-widget-heading\" data-id=\"12c1e466\" data-element_type=\"widget\" data-widget_type=\"heading.default\">\n\t\t\t\t<div class=\"elementor-widget-container\">\n\t\t\t<h2 class=\"elementor-heading-title elementor-size-small\"><a href=\"http:\/\/bernerzucht-vom-nierszug.de\/?page_id=81\">Zucht<\/a><\/h2>\t\t<\/div>\n\t\t\t\t<\/div>\n\t\t\t\t\t\t<\/div>\n\t\t\t\t\t<\/div>\n\t\t<\/div>\n\t\t\t\t<div class=\"elementor-column elementor-col-14 elementor-inner-column elementor-element elementor-element-3404dd94\" data-id=\"3404dd94\" data-element_type=\"column\">\n\t\t\t<div class=\"elementor-column-wrap elementor-element-populated\">\n\t\t\t\t\t\t\t<div class=\"elementor-widget-wrap\">\n\t\t\t\t\t\t<div class=\"elementor-element elementor-element-76301194 elementor-widget elementor-widget-heading\" data-id=\"76301194\" data-element_type=\"widget\" data-widget_type=\"heading.default\">\n\t\t\t\t<div class=\"elementor-widget-container\">\n\t\t\t<h2 class=\"elementor-heading-title elementor-size-small\"><a href=\"http:\/\/bernerzucht-vom-nierszug.de\/?page_id=73\"> Kontakt<\/a><\/h2>\t\t<\/div>\n\t\t\t\t<\/div>\n\t\t\t\t\t\t<\/div>\n\t\t\t\t\t<\/div>\n\t\t<\/div>\n\t\t\t\t<div class=\"elementor-column elementor-col-14 elementor-inner-column elementor-element elementor-element-e79dd4f\" data-id=\"e79dd4f\" data-element_type=\"column\">\n\t\t\t<div class=\"elementor-column-wrap elementor-element-populated\">\n\t\t\t\t\t\t\t<div class=\"elementor-widget-wrap\">\n\t\t\t\t\t\t<div class=\"elementor-element elementor-element-dab54c3 elementor-widget elementor-widget-heading\" data-id=\"dab54c3\" data-element_type=\"widget\" data-widget_type=\"heading.default\">\n\t\t\t\t<div class=\"elementor-widget-container\">\n\t\t\t<h2 class=\"elementor-heading-title elementor-size-small\"><a href=\"http:\/\/bernerzucht-vom-nierszug.de\/?page_id=85\">B\u00fcchertipps<\/a><\/h2>\t\t<\/div>\n\t\t\t\t<\/div>\n\t\t\t\t\t\t<\/div>\n\t\t\t\t\t<\/div>\n\t\t<\/div>\n\t\t\t\t\t\t\t\t<\/div>\n\t\t\t\t\t<\/div>\n\t\t<\/section>\n\t\t\t\t<div class=\"elementor-element elementor-element-193c193 elementor-widget elementor-widget-text-editor\" data-id=\"193c193\" data-element_type=\"widget\" data-widget_type=\"text-editor.default\">\n\t\t\t\t<div class=\"elementor-widget-container\">\n\t\t\t\t\t\t\t\t<div class=\"elementor-text-editor elementor-clearfix\">\n\t\t\t\t<h2>\u00a0<\/h2><h2><span style=\"color: #ffffff;\">Unsere Zucht<\/span><\/h2><p>Was uns neben der Gesundheit, die auch bei uns an erster Stelle steht, bei dieser Zuchtlinie am wichtigsten ist und gef\u00e4llt, ist das Wesen der Hunde. So unterschiedlich ihre Charaktere auch sind, ihre Wesensst\u00e4rke, Anh\u00e4nglichkeit, Selbstsicherheit, Lebhaftigkeit und Arbeitsfreude sind der Inbegriff eines Berners.<\/p><p>Ein Berner ist aufmerksam, wachsam und furchtlos in Alltagssituationen. Er ist gutm\u00fctig und anh\u00e4nglich im Umgang mit vertrauten Personen. Fremden gegen\u00fcber ist er selbstsicher und freundlich. Trotz alledem hat jeder seinen eigenen Charakter und seine Individualit\u00e4t an dem man sie au\u00dfer dem Aussehen auch unterscheiden kann.<\/p><p>Jeder der Hunde ist und bleibt einmalig, er war und ist f\u00fcr uns ein Familienmitglied.<\/p><p>Bevor unsere Zucht ihren Anfang nahm, besuchten wir Zuchtst\u00e4tten, lasen wir viele B\u00fccher um uns ein Bild zu machen, worauf wir zu achten haben und welche Dinge ein kleiner Berner ben\u00f6tigt um ein &#8222;richtiger&#8220; Berner zu werden. Da die Sozialisierungsphase das Kernst\u00fcck und der Grundstein f\u00fcr einen selbstbewu\u00dften, charakterstarken Berner ist, haben wir uns viel einfallen lassen&#8230;<\/p><p>Wir bauten einen Sandkasten, schufen ein B\u00e4llebad, ein Wasserbad, verschiedene Untergr\u00fcnde, Strohhaufen, Planen, Mobiles aus Trinkflaschen, glitzerne CD\u00b4s, Verstecke, Autoreifen, ein Zelt und verschiedene Tunnel. Jegliche Hunde aus der Nachbarschaft wurde als Opfer benutzt, Kinder in allen Altersklassen, Gro\u00dfeltern, also ein reger Besucherstrom, der f\u00fcr viel Abwechslung sorgte. Stadtbesuche, eine Hundeschule, Autofahren und ein Besuch in einer Grundschule sind somit die letzten Eindr\u00fccke, bevor ein Berner unser Haus verl\u00e4sst. <br \/>ss<br \/>Noch etwas in eigener Sache. Wir sind grunds\u00e4tzlich gegen Kastration bei H\u00fcndinnen.<br \/>Hier einige wissenschafliche und unwiederlegbare Tatsachen.<br \/>\u2022 Inkontinenz: Viele H\u00fcndinnen leiden nach einer Kastration unter Harninkontinenz. Halter stehen dem ratlos gegen\u00fcber und werden wiederum um medizinische Hilfe bitten (m\u00fcssen).<br \/>\u2022 \u00dcbergewicht: Viele H\u00fcndinnen neigen nach einer Kastration unter Fettleibigkeit. Halter sind in Fragen zur Ern\u00e4hrung ge \u2013und \u00fcberfordert. Oft werden sie angehalten, zu kostenintensivem Futter zu greifen und nicht ausreichend geschult. Viele Dinge, welche die H\u00fcndin im Vorfeld genie\u00dfen durfte und wollte, fallen nun weg.<br \/>\u2022 Schilddr\u00fcsenunterfunktion: Die Hypothyreose beobachten Tier\u00e4rzte meist nur an kastrierten Hunden.<br \/>\u2022 Fell: Nach einer Kastration ver\u00e4ndert sich oft das Fell. Beobachten kann man das sogenannte Babyfell \u2013 typisch, aber nicht ausschlie\u00dflich bei Hunden mit langem Fell. Dieses ver\u00e4nderte Fell nennt man auch Wollfell oder Kastratenfell.<br \/>\u2022 Gesteigerte Aggression: Oft ist es der Testosteron\u00fcberschuss \u2013\u00fcberhang, der H\u00fcndinnen teilweise aggressiver machen kann. Dies kann bis zu einem Jahr dauern, bis der Hormonhaushalt sich reguliert hat. Auch wirken sie nicht selten maskuliner, irgendwie r\u00fcdenhafter.<br \/>\u2022 Dann besteht ein 90% erh\u00f6htes Risiko von Kreuzbandrissen, die durch den Wegfall von Hormonen die sogenannte Elastizit\u00e4t einb\u00fc\u00dfen.<\/p>\t\t\t\t\t<\/div>\n\t\t\t\t\t\t<\/div>\n\t\t\t\t<\/div>\n\t\t\t\t\t\t<\/div>\n\t\t\t\t\t<\/div>\n\t\t<\/div>\n\t\t\t\t\t\t\t\t<\/div>\n\t\t\t\t\t<\/div>\n\t\t<\/section>\n\t\t\t\t<section class=\"elementor-section elementor-top-section elementor-element elementor-element-3099f409 elementor-section-boxed elementor-section-height-default elementor-section-height-default\" data-id=\"3099f409\" data-element_type=\"section\" data-settings=\"{&quot;background_background&quot;:&quot;classic&quot;}\">\n\t\t\t\t\t\t<div class=\"elementor-container elementor-column-gap-default\">\n\t\t\t\t\t\t\t<div class=\"elementor-row\">\n\t\t\t\t\t<div class=\"elementor-column elementor-col-33 elementor-top-column elementor-element elementor-element-35d3b9f3\" data-id=\"35d3b9f3\" data-element_type=\"column\">\n\t\t\t<div class=\"elementor-column-wrap elementor-element-populated\">\n\t\t\t\t\t\t\t<div class=\"elementor-widget-wrap\">\n\t\t\t\t\t\t<div class=\"elementor-element elementor-element-2f23579c elementor-invisible elementor-widget elementor-widget-heading\" data-id=\"2f23579c\" data-element_type=\"widget\" data-settings=\"{&quot;_animation&quot;:&quot;fadeIn&quot;}\" data-widget_type=\"heading.default\">\n\t\t\t\t<div class=\"elementor-widget-container\">\n\t\t\t<h2 class=\"elementor-heading-title elementor-size-default\"><a href=\"http:\/\/bernerzucht-vom-nierszug.de\/?page_id=87\">Impressum<\/a><\/h2>\t\t<\/div>\n\t\t\t\t<\/div>\n\t\t\t\t<div class=\"elementor-element elementor-element-37e58c06 elementor-invisible elementor-widget elementor-widget-heading\" data-id=\"37e58c06\" data-element_type=\"widget\" data-settings=\"{&quot;_animation&quot;:&quot;fadeIn&quot;}\" data-widget_type=\"heading.default\">\n\t\t\t\t<div class=\"elementor-widget-container\">\n\t\t\t<h2 class=\"elementor-heading-title elementor-size-default\"><a href=\"http:\/\/bernerzucht-vom-nierszug.de\/?page_id=89\">Datenschutz<\/a><\/h2>\t\t<\/div>\n\t\t\t\t<\/div>\n\t\t\t\t<div class=\"elementor-element elementor-element-29d49cc0 elementor-widget-divider--view-line elementor-invisible elementor-widget elementor-widget-divider\" data-id=\"29d49cc0\" data-element_type=\"widget\" data-settings=\"{&quot;_animation&quot;:&quot;fadeIn&quot;}\" data-widget_type=\"divider.default\">\n\t\t\t\t<div class=\"elementor-widget-container\">\n\t\t\t\t\t<div class=\"elementor-divider\">\n\t\t\t<span class=\"elementor-divider-separator\">\n\t\t\t\t\t\t<\/span>\n\t\t<\/div>\n\t\t\t\t<\/div>\n\t\t\t\t<\/div>\n\t\t\t\t\t\t<\/div>\n\t\t\t\t\t<\/div>\n\t\t<\/div>\n\t\t\t\t<div class=\"elementor-column elementor-col-33 elementor-top-column elementor-element elementor-element-7a41d221\" data-id=\"7a41d221\" data-element_type=\"column\">\n\t\t\t<div class=\"elementor-column-wrap elementor-element-populated\">\n\t\t\t\t\t\t\t<div class=\"elementor-widget-wrap\">\n\t\t\t\t\t\t<div class=\"elementor-element elementor-element-30c70514 elementor-invisible elementor-widget elementor-widget-heading\" data-id=\"30c70514\" data-element_type=\"widget\" data-settings=\"{&quot;_animation&quot;:&quot;fadeIn&quot;}\" data-widget_type=\"heading.default\">\n\t\t\t\t<div class=\"elementor-widget-container\">\n\t\t\t<h2 class=\"elementor-heading-title elementor-size-default\">wir z\u00fcchten seit 2004<br><br>                     mit Liebe <br><br>Bernersennen Hunde<\/h2>\t\t<\/div>\n\t\t\t\t<\/div>\n\t\t\t\t<div class=\"elementor-element elementor-element-7e25a8ec elementor-widget-divider--view-line elementor-invisible elementor-widget elementor-widget-divider\" data-id=\"7e25a8ec\" data-element_type=\"widget\" data-settings=\"{&quot;_animation&quot;:&quot;fadeIn&quot;}\" data-widget_type=\"divider.default\">\n\t\t\t\t<div class=\"elementor-widget-container\">\n\t\t\t\t\t<div class=\"elementor-divider\">\n\t\t\t<span class=\"elementor-divider-separator\">\n\t\t\t\t\t\t<\/span>\n\t\t<\/div>\n\t\t\t\t<\/div>\n\t\t\t\t<\/div>\n\t\t\t\t\t\t<\/div>\n\t\t\t\t\t<\/div>\n\t\t<\/div>\n\t\t\t\t<div class=\"elementor-column elementor-col-33 elementor-top-column elementor-element elementor-element-bd93d59\" data-id=\"bd93d59\" data-element_type=\"column\">\n\t\t\t<div class=\"elementor-column-wrap elementor-element-populated\">\n\t\t\t\t\t\t\t<div class=\"elementor-widget-wrap\">\n\t\t\t\t\t\t<div class=\"elementor-element elementor-element-330f9711 elementor-invisible elementor-widget elementor-widget-heading\" data-id=\"330f9711\" data-element_type=\"widget\" data-settings=\"{&quot;_animation&quot;:&quot;fadeIn&quot;}\" data-widget_type=\"heading.default\">\n\t\t\t\t<div class=\"elementor-widget-container\">\n\t\t\t<h2 class=\"elementor-heading-title elementor-size-default\">SOCIAL<br><\/h2>\t\t<\/div>\n\t\t\t\t<\/div>\n\t\t\t\t<div class=\"elementor-element elementor-element-7699c9db elementor-widget-divider--view-line elementor-invisible elementor-widget elementor-widget-divider\" data-id=\"7699c9db\" data-element_type=\"widget\" data-settings=\"{&quot;_animation&quot;:&quot;fadeIn&quot;}\" data-widget_type=\"divider.default\">\n\t\t\t\t<div class=\"elementor-widget-container\">\n\t\t\t\t\t<div class=\"elementor-divider\">\n\t\t\t<span class=\"elementor-divider-separator\">\n\t\t\t\t\t\t<\/span>\n\t\t<\/div>\n\t\t\t\t<\/div>\n\t\t\t\t<\/div>\n\t\t\t\t<div class=\"elementor-element elementor-element-15bb0505 e-grid-align-tablet-left elementor-shape-rounded elementor-grid-0 e-grid-align-center elementor-widget elementor-widget-social-icons\" data-id=\"15bb0505\" data-element_type=\"widget\" data-widget_type=\"social-icons.default\">\n\t\t\t\t<div class=\"elementor-widget-container\">\n\t\t\t\t\t<div class=\"elementor-social-icons-wrapper elementor-grid\">\n\t\t\t\t\t\t\t<span class=\"elementor-grid-item\">\n\t\t\t\t\t<a class=\"elementor-icon elementor-social-icon elementor-social-icon-instagram elementor-repeater-item-0a688c9\" href=\"https:\/\/www.instagram.com\/p\/CHLWr19hsul\/?igshid=1puh0f3me8az5\" target=\"_blank\">\n\t\t\t\t\t\t<span class=\"elementor-screen-only\">Instagram<\/span>\n\t\t\t\t\t\t<i class=\"fab fa-instagram\"><\/i>\t\t\t\t\t<\/a>\n\t\t\t\t<\/span>\n\t\t\t\t\t\t\t<span class=\"elementor-grid-item\">\n\t\t\t\t\t<a class=\"elementor-icon elementor-social-icon elementor-social-icon-facebook-f elementor-repeater-item-0444518\" target=\"_blank\">\n\t\t\t\t\t\t<span class=\"elementor-screen-only\">Facebook-f<\/span>\n\t\t\t\t\t\t<i class=\"fab fa-facebook-f\"><\/i>\t\t\t\t\t<\/a>\n\t\t\t\t<\/span>\n\t\t\t\t\t<\/div>\n\t\t\t\t<\/div>\n\t\t\t\t<\/div>\n\t\t\t\t\t\t<\/div>\n\t\t\t\t\t<\/div>\n\t\t<\/div>\n\t\t\t\t\t\t\t\t<\/div>\n\t\t\t\t\t<\/div>\n\t\t<\/section>\n\t\t\t\t\t\t\t\t\t<\/div>\n\t\t\t<\/div>\n\t\t\t\t\t<\/div>\n\t\t","protected":false},"excerpt":{"rendered":"<p>Home \u00dcber uns&#8230; Unsere Berner Welpen Zucht Kontakt B\u00fcchertipps \u00a0 Unsere Zucht Was uns neben der Gesundheit, die auch bei uns an erster Stelle steht, bei dieser Zuchtlinie am wichtigsten ist und gef\u00e4llt, ist das Wesen der Hunde. So unterschiedlich ihre Charaktere auch sind, ihre Wesensst\u00e4rke, Anh\u00e4nglichkeit, Selbstsicherheit, Lebhaftigkeit und Arbeitsfreude sind der Inbegriff eines [&hellip;]<\/p>\n","protected":false},"author":1,"featured_media":0,"parent":0,"menu_order":0,"comment_status":"closed","ping_status":"closed","template":"","meta":{"footnotes":""},"class_list":["post-81","page","type-page","status-publish","hentry","entry"],"_links":{"self":[{"href":"http:\/\/www.bernerzucht-vom-nierszug.de\/index.php?rest_route=\/wp\/v2\/pages\/81","targetHints":{"allow":["GET"]}}],"collection":[{"href":"http:\/\/www.bernerzucht-vom-nierszug.de\/index.php?rest_route=\/wp\/v2\/pages"}],"about":[{"href":"http:\/\/www.bernerzucht-vom-nierszug.de\/index.php?rest_route=\/wp\/v2\/types\/page"}],"author":[{"embeddable":true,"href":"http:\/\/www.bernerzucht-vom-nierszug.de\/index.php?rest_route=\/wp\/v2\/users\/1"}],"replies":[{"embeddable":true,"href":"http:\/\/www.bernerzucht-vom-nierszug.de\/index.php?rest_route=%2Fwp%2Fv2%2Fcomments&post=81"}],"version-history":[{"count":32,"href":"http:\/\/www.bernerzucht-vom-nierszug.de\/index.php?rest_route=\/wp\/v2\/pages\/81\/revisions"}],"predecessor-version":[{"id":2055,"href":"http:\/\/www.bernerzucht-vom-nierszug.de\/index.php?rest_route=\/wp\/v2\/pages\/81\/revisions\/2055"}],"wp:attachment":[{"href":"http:\/\/www.bernerzucht-vom-nierszug.de\/index.php?rest_route=%2Fwp%2Fv2%2Fmedia&parent=81"}],"curies":[{"name":"wp","href":"https:\/\/api.w.org\/{rel}","templated":true}]}}