{"id":87,"date":"2020-11-05T15:39:07","date_gmt":"2020-11-05T14:39:07","guid":{"rendered":"http:\/\/www.bernerzucht-vom-nierszug.de\/?page_id=87"},"modified":"2022-09-22T00:43:29","modified_gmt":"2022-09-21T22:43:29","slug":"impressum","status":"publish","type":"page","link":"http:\/\/www.bernerzucht-vom-nierszug.de\/?page_id=87","title":{"rendered":"Impressum"},"content":{"rendered":"\t\t<div data-elementor-type=\"wp-page\" data-elementor-id=\"87\" class=\"elementor elementor-87\">\n\t\t\t\t\t\t<div class=\"elementor-inner\">\n\t\t\t\t<div class=\"elementor-section-wrap\">\n\t\t\t\t\t\t\t\t\t<section class=\"elementor-section elementor-top-section elementor-element elementor-element-6f0e9f2 elementor-section-boxed elementor-section-height-default elementor-section-height-default\" data-id=\"6f0e9f2\" data-element_type=\"section\">\n\t\t\t\t\t\t<div class=\"elementor-container elementor-column-gap-default\">\n\t\t\t\t\t\t\t<div class=\"elementor-row\">\n\t\t\t\t\t<div class=\"elementor-column elementor-col-100 elementor-top-column elementor-element elementor-element-905f712\" data-id=\"905f712\" data-element_type=\"column\">\n\t\t\t<div class=\"elementor-column-wrap\">\n\t\t\t\t\t\t\t<div class=\"elementor-widget-wrap\">\n\t\t\t\t\t\t\t\t<\/div>\n\t\t\t\t\t<\/div>\n\t\t<\/div>\n\t\t\t\t\t\t\t\t<\/div>\n\t\t\t\t\t<\/div>\n\t\t<\/section>\n\t\t\t\t<section class=\"elementor-section elementor-top-section elementor-element elementor-element-5226893e elementor-section-boxed elementor-section-height-default elementor-section-height-default\" data-id=\"5226893e\" data-element_type=\"section\" data-settings=\"{&quot;background_background&quot;:&quot;classic&quot;}\">\n\t\t\t\t\t\t<div class=\"elementor-container elementor-column-gap-default\">\n\t\t\t\t\t\t\t<div class=\"elementor-row\">\n\t\t\t\t\t<div class=\"elementor-column elementor-col-100 elementor-top-column elementor-element elementor-element-335a41ea\" data-id=\"335a41ea\" data-element_type=\"column\">\n\t\t\t<div class=\"elementor-column-wrap elementor-element-populated\">\n\t\t\t\t\t\t\t<div class=\"elementor-widget-wrap\">\n\t\t\t\t\t\t<div class=\"elementor-element elementor-element-3358322c elementor-widget elementor-widget-image\" data-id=\"3358322c\" data-element_type=\"widget\" data-widget_type=\"image.default\">\n\t\t\t\t<div class=\"elementor-widget-container\">\n\t\t\t\t\t\t\t\t<div class=\"elementor-image\">\n\t\t\t\t\t\t\t\t\t\t\t\t<img loading=\"lazy\" decoding=\"async\" width=\"1024\" height=\"284\" src=\"http:\/\/www.bernerzucht-vom-nierszug.de\/wp-content\/uploads\/2022\/09\/71F51952-6213-45D5-AD42-0557A4A311C9_1_201_a-1024x284.jpeg\" class=\"attachment-large size-large wp-image-1892\" alt=\"\" srcset=\"http:\/\/www.bernerzucht-vom-nierszug.de\/wp-content\/uploads\/2022\/09\/71F51952-6213-45D5-AD42-0557A4A311C9_1_201_a-1024x284.jpeg 1024w, http:\/\/www.bernerzucht-vom-nierszug.de\/wp-content\/uploads\/2022\/09\/71F51952-6213-45D5-AD42-0557A4A311C9_1_201_a-300x83.jpeg 300w, http:\/\/www.bernerzucht-vom-nierszug.de\/wp-content\/uploads\/2022\/09\/71F51952-6213-45D5-AD42-0557A4A311C9_1_201_a-768x213.jpeg 768w, http:\/\/www.bernerzucht-vom-nierszug.de\/wp-content\/uploads\/2022\/09\/71F51952-6213-45D5-AD42-0557A4A311C9_1_201_a-1536x427.jpeg 1536w, http:\/\/www.bernerzucht-vom-nierszug.de\/wp-content\/uploads\/2022\/09\/71F51952-6213-45D5-AD42-0557A4A311C9_1_201_a-2048x569.jpeg 2048w\" sizes=\"auto, (max-width: 1024px) 100vw, 1024px\" \/>\t\t\t\t\t\t\t\t\t\t\t\t\t\t<\/div>\n\t\t\t\t\t\t<\/div>\n\t\t\t\t<\/div>\n\t\t\t\t<section class=\"elementor-section elementor-inner-section elementor-element elementor-element-3b0a2171 elementor-section-boxed elementor-section-height-default elementor-section-height-default\" data-id=\"3b0a2171\" data-element_type=\"section\">\n\t\t\t\t\t\t<div class=\"elementor-container elementor-column-gap-default\">\n\t\t\t\t\t\t\t<div class=\"elementor-row\">\n\t\t\t\t\t<div class=\"elementor-column elementor-col-14 elementor-inner-column elementor-element elementor-element-3867b540\" data-id=\"3867b540\" data-element_type=\"column\">\n\t\t\t<div class=\"elementor-column-wrap elementor-element-populated\">\n\t\t\t\t\t\t\t<div class=\"elementor-widget-wrap\">\n\t\t\t\t\t\t<div class=\"elementor-element elementor-element-3bfc99f9 elementor-widget elementor-widget-heading\" data-id=\"3bfc99f9\" data-element_type=\"widget\" data-settings=\"{&quot;_animation&quot;:&quot;none&quot;}\" data-widget_type=\"heading.default\">\n\t\t\t\t<div class=\"elementor-widget-container\">\n\t\t\t<h2 class=\"elementor-heading-title elementor-size-small\"><a href=\"http:\/\/bernerzucht-vom-nierszug.de\/\">Home<\/a><\/h2>\t\t<\/div>\n\t\t\t\t<\/div>\n\t\t\t\t\t\t<\/div>\n\t\t\t\t\t<\/div>\n\t\t<\/div>\n\t\t\t\t<div class=\"elementor-column elementor-col-14 elementor-inner-column elementor-element elementor-element-3dd34b06\" data-id=\"3dd34b06\" data-element_type=\"column\">\n\t\t\t<div class=\"elementor-column-wrap elementor-element-populated\">\n\t\t\t\t\t\t\t<div class=\"elementor-widget-wrap\">\n\t\t\t\t\t\t<div class=\"elementor-element elementor-element-32b3532e elementor-widget elementor-widget-heading\" data-id=\"32b3532e\" data-element_type=\"widget\" data-widget_type=\"heading.default\">\n\t\t\t\t<div class=\"elementor-widget-container\">\n\t\t\t<h2 class=\"elementor-heading-title elementor-size-small\"><a href=\"http:\/\/bernerzucht-vom-nierszug.de\/?page_id=75\">\u00dcber uns...<\/a><\/h2>\t\t<\/div>\n\t\t\t\t<\/div>\n\t\t\t\t\t\t<\/div>\n\t\t\t\t\t<\/div>\n\t\t<\/div>\n\t\t\t\t<div class=\"elementor-column elementor-col-14 elementor-inner-column elementor-element elementor-element-484a1081\" data-id=\"484a1081\" data-element_type=\"column\">\n\t\t\t<div class=\"elementor-column-wrap elementor-element-populated\">\n\t\t\t\t\t\t\t<div class=\"elementor-widget-wrap\">\n\t\t\t\t\t\t<div class=\"elementor-element elementor-element-1b908bc8 elementor-widget elementor-widget-heading\" data-id=\"1b908bc8\" data-element_type=\"widget\" data-widget_type=\"heading.default\">\n\t\t\t\t<div class=\"elementor-widget-container\">\n\t\t\t<h2 class=\"elementor-heading-title elementor-size-small\"><a href=\"http:\/\/bernerzucht-vom-nierszug.de\/?page_id=77\">Unsere Berner<\/a><\/h2>\t\t<\/div>\n\t\t\t\t<\/div>\n\t\t\t\t\t\t<\/div>\n\t\t\t\t\t<\/div>\n\t\t<\/div>\n\t\t\t\t<div class=\"elementor-column elementor-col-14 elementor-inner-column elementor-element elementor-element-2ca5dbb6\" data-id=\"2ca5dbb6\" data-element_type=\"column\">\n\t\t\t<div class=\"elementor-column-wrap elementor-element-populated\">\n\t\t\t\t\t\t\t<div class=\"elementor-widget-wrap\">\n\t\t\t\t\t\t<div class=\"elementor-element elementor-element-64ec25a3 elementor-widget elementor-widget-heading\" data-id=\"64ec25a3\" data-element_type=\"widget\" data-widget_type=\"heading.default\">\n\t\t\t\t<div class=\"elementor-widget-container\">\n\t\t\t<h2 class=\"elementor-heading-title elementor-size-small\"><a href=\"http:\/\/bernerzucht-vom-nierszug.de\/?page_id=79\"> Welpen<\/a><\/h2>\t\t<\/div>\n\t\t\t\t<\/div>\n\t\t\t\t\t\t<\/div>\n\t\t\t\t\t<\/div>\n\t\t<\/div>\n\t\t\t\t<div class=\"elementor-column elementor-col-14 elementor-inner-column elementor-element elementor-element-28617a20\" data-id=\"28617a20\" data-element_type=\"column\">\n\t\t\t<div class=\"elementor-column-wrap elementor-element-populated\">\n\t\t\t\t\t\t\t<div class=\"elementor-widget-wrap\">\n\t\t\t\t\t\t<div class=\"elementor-element elementor-element-10e570b4 elementor-widget elementor-widget-heading\" data-id=\"10e570b4\" data-element_type=\"widget\" data-widget_type=\"heading.default\">\n\t\t\t\t<div class=\"elementor-widget-container\">\n\t\t\t<h2 class=\"elementor-heading-title elementor-size-small\"><a href=\"http:\/\/bernerzucht-vom-nierszug.de\/?page_id=81\">Zucht<\/a><\/h2>\t\t<\/div>\n\t\t\t\t<\/div>\n\t\t\t\t\t\t<\/div>\n\t\t\t\t\t<\/div>\n\t\t<\/div>\n\t\t\t\t<div class=\"elementor-column elementor-col-14 elementor-inner-column elementor-element elementor-element-2a78164d\" data-id=\"2a78164d\" data-element_type=\"column\">\n\t\t\t<div class=\"elementor-column-wrap elementor-element-populated\">\n\t\t\t\t\t\t\t<div class=\"elementor-widget-wrap\">\n\t\t\t\t\t\t<div class=\"elementor-element elementor-element-633b37ab elementor-widget elementor-widget-heading\" data-id=\"633b37ab\" data-element_type=\"widget\" data-widget_type=\"heading.default\">\n\t\t\t\t<div class=\"elementor-widget-container\">\n\t\t\t<h2 class=\"elementor-heading-title elementor-size-small\"><a href=\"http:\/\/bernerzucht-vom-nierszug.de\/?page_id=73\"> Kontakt<\/a><\/h2>\t\t<\/div>\n\t\t\t\t<\/div>\n\t\t\t\t\t\t<\/div>\n\t\t\t\t\t<\/div>\n\t\t<\/div>\n\t\t\t\t<div class=\"elementor-column elementor-col-14 elementor-inner-column elementor-element elementor-element-1980c38f\" data-id=\"1980c38f\" data-element_type=\"column\">\n\t\t\t<div class=\"elementor-column-wrap elementor-element-populated\">\n\t\t\t\t\t\t\t<div class=\"elementor-widget-wrap\">\n\t\t\t\t\t\t<div class=\"elementor-element elementor-element-1ca6bb89 elementor-widget elementor-widget-heading\" data-id=\"1ca6bb89\" data-element_type=\"widget\" data-widget_type=\"heading.default\">\n\t\t\t\t<div class=\"elementor-widget-container\">\n\t\t\t<h2 class=\"elementor-heading-title elementor-size-small\"><a href=\"http:\/\/bernerzucht-vom-nierszug.de\/?page_id=85\">B\u00fcchertipps<\/a><\/h2>\t\t<\/div>\n\t\t\t\t<\/div>\n\t\t\t\t\t\t<\/div>\n\t\t\t\t\t<\/div>\n\t\t<\/div>\n\t\t\t\t\t\t\t\t<\/div>\n\t\t\t\t\t<\/div>\n\t\t<\/section>\n\t\t\t\t<div class=\"elementor-element elementor-element-ef8113b elementor-widget elementor-widget-heading\" data-id=\"ef8113b\" data-element_type=\"widget\" data-widget_type=\"heading.default\">\n\t\t\t\t<div class=\"elementor-widget-container\">\n\t\t\t<h2 class=\"elementor-heading-title elementor-size-default\">Impressum<\/h2>\t\t<\/div>\n\t\t\t\t<\/div>\n\t\t\t\t<section class=\"elementor-section elementor-inner-section elementor-element elementor-element-10c9e7c elementor-section-boxed elementor-section-height-default elementor-section-height-default\" data-id=\"10c9e7c\" data-element_type=\"section\">\n\t\t\t\t\t\t<div class=\"elementor-container elementor-column-gap-default\">\n\t\t\t\t\t\t\t<div class=\"elementor-row\">\n\t\t\t\t\t<div class=\"elementor-column elementor-col-50 elementor-inner-column elementor-element elementor-element-07f8cf8\" data-id=\"07f8cf8\" data-element_type=\"column\">\n\t\t\t<div class=\"elementor-column-wrap elementor-element-populated\">\n\t\t\t\t\t\t\t<div class=\"elementor-widget-wrap\">\n\t\t\t\t\t\t<div class=\"elementor-element elementor-element-b1b0bc4 elementor-widget elementor-widget-image\" data-id=\"b1b0bc4\" data-element_type=\"widget\" data-widget_type=\"image.default\">\n\t\t\t\t<div class=\"elementor-widget-container\">\n\t\t\t\t\t\t\t\t<div class=\"elementor-image\">\n\t\t\t\t\t\t\t\t\t\t\t\t<img loading=\"lazy\" decoding=\"async\" width=\"1024\" height=\"683\" src=\"http:\/\/www.bernerzucht-vom-nierszug.de\/wp-content\/uploads\/2020\/11\/5D1B1F9F-0F58-4892-AEED-6666D79B89C1_1_201_a-1024x683.jpeg\" class=\"attachment-large size-large wp-image-1071\" alt=\"\" srcset=\"http:\/\/www.bernerzucht-vom-nierszug.de\/wp-content\/uploads\/2020\/11\/5D1B1F9F-0F58-4892-AEED-6666D79B89C1_1_201_a-1024x683.jpeg 1024w, http:\/\/www.bernerzucht-vom-nierszug.de\/wp-content\/uploads\/2020\/11\/5D1B1F9F-0F58-4892-AEED-6666D79B89C1_1_201_a-300x200.jpeg 300w, http:\/\/www.bernerzucht-vom-nierszug.de\/wp-content\/uploads\/2020\/11\/5D1B1F9F-0F58-4892-AEED-6666D79B89C1_1_201_a-768x512.jpeg 768w, http:\/\/www.bernerzucht-vom-nierszug.de\/wp-content\/uploads\/2020\/11\/5D1B1F9F-0F58-4892-AEED-6666D79B89C1_1_201_a-1536x1024.jpeg 1536w, http:\/\/www.bernerzucht-vom-nierszug.de\/wp-content\/uploads\/2020\/11\/5D1B1F9F-0F58-4892-AEED-6666D79B89C1_1_201_a-2048x1365.jpeg 2048w\" sizes=\"auto, (max-width: 1024px) 100vw, 1024px\" \/>\t\t\t\t\t\t\t\t\t\t\t\t\t\t<\/div>\n\t\t\t\t\t\t<\/div>\n\t\t\t\t<\/div>\n\t\t\t\t\t\t<\/div>\n\t\t\t\t\t<\/div>\n\t\t<\/div>\n\t\t\t\t<div class=\"elementor-column elementor-col-50 elementor-inner-column elementor-element elementor-element-13411f7\" data-id=\"13411f7\" data-element_type=\"column\">\n\t\t\t<div class=\"elementor-column-wrap\">\n\t\t\t\t\t\t\t<div class=\"elementor-widget-wrap\">\n\t\t\t\t\t\t\t\t<\/div>\n\t\t\t\t\t<\/div>\n\t\t<\/div>\n\t\t\t\t\t\t\t\t<\/div>\n\t\t\t\t\t<\/div>\n\t\t<\/section>\n\t\t\t\t<div class=\"elementor-element elementor-element-6805c1e elementor-widget elementor-widget-text-editor\" data-id=\"6805c1e\" data-element_type=\"widget\" data-widget_type=\"text-editor.default\">\n\t\t\t\t<div class=\"elementor-widget-container\">\n\t\t\t\t\t\t\t\t<div class=\"elementor-text-editor elementor-clearfix\">\n\t\t\t\t<p><strong style=\"font-size: 14px;\">Jutta Hammann<\/strong><\/p><p>Jegliche Namengleichung kann strafrechtlich verfolgt und abgemahnt werden.<\/p><p><strong>Schutzrechte und Markenzeichen<\/strong><\/p><p>Alle Rechte sind und bleiben uns vorbehalten. S\u00e4mtliche Inhalte dieser Website, insbesondere Texte, Bilder, Grafiken, Animationen, Videos und anderer Dateien, sowie deren Anordnung auf dieser Website, unterliegen dem Schutz des Urheberrechts und anderer Schutzgesetze.<\/p><p>Durch diese Website wird keine Lizenz zur Nutzung des geistigen Eigentums von Seiten an Dritte erteilt. Der Inhalt dieser Website darf nicht zu kommerziellen Zwecken kopiert, verbreitet, ver\u00e4ndert oder Dritten zug\u00e4nglich gemacht werden.<\/p><p><strong>Inhalte<\/strong><\/p><p>Diese Website wurde mit gr\u00f6\u00dftm\u00f6glicher Sorgfalt zusammengestellt. Trotzdem k\u00f6nnen wir nicht f\u00fcr die Fehlerfreiheit und Genauigkeit der enthaltenen Informationen garantieren. Wir schlie\u00dfen jegliche Haftung f\u00fcr Sch\u00e4den, die direkt oder indirekt aus der Benutzung dieser Website entstehen, aus, soweit diese nicht auf Vorsatz oder grober Fahrl\u00e4ssigkeit beruhen.<\/p><p><strong>Verlinkung auf externe Internet-Angebote<\/strong><\/p><p>Mit dem Urteil vom 12. Mai 1998 hat das Landgericht (LG) Hamburg entschieden, dass man durch das Verlinken einer anderen Seite die Inhalte der gelinkten Seite ggf. mit zu verantworten hat. Dies kann, so das LG, nur dadurch verhindert werden, dass man sich ausdr\u00fccklich von diesen Inhalten distanziert. F\u00fcr alle Links, die von unserer Seite auf andere Seiten zielen betonen wir ausdr\u00fccklich, dass wir keinerlei Einfluss auf die Gestaltung und die Inhalte der gelinkten Seiten haben. Wir distanzieren uns somit ausdr\u00fccklich von allen Inhalten aller gelinkten Seiten.<\/p><p><strong>Datenschutz<\/strong><\/p><p>Soweit auf diesen Seiten personenbezogene Daten (beispielsweise Name, Anschrift oder E-Mail-Adressen) erhoben werden, erfolgt dies, soweit m\u00f6glich, stets auf freiwilliger Basis. Diese Daten werden ohne Ihre ausdr\u00fcckliche Zustimmung nicht an Dritte weitergegeben.<\/p><p>Weiteres entnehmen Sie bitte der gesonderten Datenschutzerkl\u00e4rung auf dieser Website.<\/p><p>Der Nutzung von im Rahmen der Impressumspflicht ver\u00f6ffentlichten Kontaktdaten durch Dritte zur \u00dcbersendung von nicht ausdr\u00fccklich angeforderter Werbung und Informationsmaterialien wird hiermit ausdr\u00fccklich widersprochen. Der Betreiber der Seiten beh\u00e4lt sich ausdr\u00fccklich rechtliche Schritte im Falle der unverlangten Zusendung von Werbeinformationen, etwa durch Spam-Mails, vor.<\/p>\t\t\t\t\t<\/div>\n\t\t\t\t\t\t<\/div>\n\t\t\t\t<\/div>\n\t\t\t\t\t\t<\/div>\n\t\t\t\t\t<\/div>\n\t\t<\/div>\n\t\t\t\t\t\t\t\t<\/div>\n\t\t\t\t\t<\/div>\n\t\t<\/section>\n\t\t\t\t<section class=\"elementor-section elementor-top-section elementor-element elementor-element-2665d0ca elementor-section-boxed elementor-section-height-default elementor-section-height-default\" data-id=\"2665d0ca\" data-element_type=\"section\" data-settings=\"{&quot;background_background&quot;:&quot;classic&quot;}\">\n\t\t\t\t\t\t<div class=\"elementor-container elementor-column-gap-default\">\n\t\t\t\t\t\t\t<div class=\"elementor-row\">\n\t\t\t\t\t<div class=\"elementor-column elementor-col-33 elementor-top-column elementor-element elementor-element-36691339\" data-id=\"36691339\" data-element_type=\"column\">\n\t\t\t<div class=\"elementor-column-wrap elementor-element-populated\">\n\t\t\t\t\t\t\t<div class=\"elementor-widget-wrap\">\n\t\t\t\t\t\t<div class=\"elementor-element elementor-element-5708f7e4 elementor-invisible elementor-widget elementor-widget-heading\" data-id=\"5708f7e4\" data-element_type=\"widget\" data-settings=\"{&quot;_animation&quot;:&quot;fadeIn&quot;}\" data-widget_type=\"heading.default\">\n\t\t\t\t<div class=\"elementor-widget-container\">\n\t\t\t<h2 class=\"elementor-heading-title elementor-size-default\">SOCIAL<br><\/h2>\t\t<\/div>\n\t\t\t\t<\/div>\n\t\t\t\t<div class=\"elementor-element elementor-element-43da6ecf e-grid-align-tablet-left elementor-shape-rounded elementor-grid-0 e-grid-align-center elementor-widget elementor-widget-social-icons\" data-id=\"43da6ecf\" data-element_type=\"widget\" data-widget_type=\"social-icons.default\">\n\t\t\t\t<div class=\"elementor-widget-container\">\n\t\t\t\t\t<div class=\"elementor-social-icons-wrapper elementor-grid\">\n\t\t\t\t\t\t\t<span class=\"elementor-grid-item\">\n\t\t\t\t\t<a class=\"elementor-icon elementor-social-icon elementor-social-icon-instagram elementor-repeater-item-0a688c9\" href=\"https:\/\/www.instagram.com\/p\/CHLWr19hsul\/?igshid=1puh0f3me8az5\" target=\"_blank\">\n\t\t\t\t\t\t<span class=\"elementor-screen-only\">Instagram<\/span>\n\t\t\t\t\t\t<i class=\"fab fa-instagram\"><\/i>\t\t\t\t\t<\/a>\n\t\t\t\t<\/span>\n\t\t\t\t\t\t\t<span class=\"elementor-grid-item\">\n\t\t\t\t\t<a class=\"elementor-icon elementor-social-icon elementor-social-icon-facebook-f elementor-repeater-item-0444518\" target=\"_blank\">\n\t\t\t\t\t\t<span class=\"elementor-screen-only\">Facebook-f<\/span>\n\t\t\t\t\t\t<i class=\"fab fa-facebook-f\"><\/i>\t\t\t\t\t<\/a>\n\t\t\t\t<\/span>\n\t\t\t\t\t\t\t<span class=\"elementor-grid-item\">\n\t\t\t\t\t<a class=\"elementor-icon elementor-social-icon elementor-social-icon-whatsapp elementor-repeater-item-fec457a\" href=\"https:\/\/wa.me\/491749486809\" target=\"_blank\">\n\t\t\t\t\t\t<span class=\"elementor-screen-only\">Whatsapp<\/span>\n\t\t\t\t\t\t<i class=\"fab fa-whatsapp\"><\/i>\t\t\t\t\t<\/a>\n\t\t\t\t<\/span>\n\t\t\t\t\t<\/div>\n\t\t\t\t<\/div>\n\t\t\t\t<\/div>\n\t\t\t\t\t\t<\/div>\n\t\t\t\t\t<\/div>\n\t\t<\/div>\n\t\t\t\t<div class=\"elementor-column elementor-col-33 elementor-top-column elementor-element elementor-element-513bad4\" data-id=\"513bad4\" data-element_type=\"column\">\n\t\t\t<div class=\"elementor-column-wrap elementor-element-populated\">\n\t\t\t\t\t\t\t<div class=\"elementor-widget-wrap\">\n\t\t\t\t\t\t<div class=\"elementor-element elementor-element-32d08fbb elementor-invisible elementor-widget elementor-widget-heading\" data-id=\"32d08fbb\" data-element_type=\"widget\" data-settings=\"{&quot;_animation&quot;:&quot;fadeIn&quot;}\" data-widget_type=\"heading.default\">\n\t\t\t\t<div class=\"elementor-widget-container\">\n\t\t\t<h2 class=\"elementor-heading-title elementor-size-default\"><br>wir z\u00fcchten seit 2004<br><br>mit gesunden Hunden, <br><br>alle Hunde sind<br> <br>HD  frei,  ED-0 und haben  <br> <br>\nAhnentafeln vom Schweizer<br><br> Sennenhund Verein         <br><br><br><\/h2>\t\t<\/div>\n\t\t\t\t<\/div>\n\t\t\t\t\t\t<\/div>\n\t\t\t\t\t<\/div>\n\t\t<\/div>\n\t\t\t\t<div class=\"elementor-column elementor-col-33 elementor-top-column elementor-element elementor-element-74ffe7bb\" data-id=\"74ffe7bb\" data-element_type=\"column\">\n\t\t\t<div class=\"elementor-column-wrap elementor-element-populated\">\n\t\t\t\t\t\t\t<div class=\"elementor-widget-wrap\">\n\t\t\t\t\t\t<div class=\"elementor-element elementor-element-29d29b6e elementor-invisible elementor-widget elementor-widget-heading\" data-id=\"29d29b6e\" data-element_type=\"widget\" data-settings=\"{&quot;_animation&quot;:&quot;fadeIn&quot;}\" data-widget_type=\"heading.default\">\n\t\t\t\t<div class=\"elementor-widget-container\">\n\t\t\t<h2 class=\"elementor-heading-title elementor-size-default\"><a href=\"http:\/\/bernerzucht-vom-nierszug.de\/?page_id=87\">Impressum<\/a><\/h2>\t\t<\/div>\n\t\t\t\t<\/div>\n\t\t\t\t<div class=\"elementor-element elementor-element-2ba324c2 elementor-invisible elementor-widget elementor-widget-heading\" data-id=\"2ba324c2\" data-element_type=\"widget\" data-settings=\"{&quot;_animation&quot;:&quot;fadeIn&quot;}\" data-widget_type=\"heading.default\">\n\t\t\t\t<div class=\"elementor-widget-container\">\n\t\t\t<h2 class=\"elementor-heading-title elementor-size-default\"><a href=\"http:\/\/bernerzucht-vom-nierszug.de\/?page_id=89\">Datenschutz<\/a><\/h2>\t\t<\/div>\n\t\t\t\t<\/div>\n\t\t\t\t\t\t<\/div>\n\t\t\t\t\t<\/div>\n\t\t<\/div>\n\t\t\t\t\t\t\t\t<\/div>\n\t\t\t\t\t<\/div>\n\t\t<\/section>\n\t\t\t\t\t\t\t\t\t<\/div>\n\t\t\t<\/div>\n\t\t\t\t\t<\/div>\n\t\t","protected":false},"excerpt":{"rendered":"<p>Home \u00dcber uns&#8230; Unsere Berner Welpen Zucht Kontakt B\u00fcchertipps Impressum Jutta Hammann Jegliche Namengleichung kann strafrechtlich verfolgt und abgemahnt werden. Schutzrechte und Markenzeichen Alle Rechte sind und bleiben uns vorbehalten. S\u00e4mtliche Inhalte dieser Website, insbesondere Texte, Bilder, Grafiken, Animationen, Videos und anderer Dateien, sowie deren Anordnung auf dieser Website, unterliegen dem Schutz des Urheberrechts und [&hellip;]<\/p>\n","protected":false},"author":1,"featured_media":0,"parent":0,"menu_order":0,"comment_status":"closed","ping_status":"closed","template":"","meta":{"footnotes":""},"class_list":["post-87","page","type-page","status-publish","hentry","entry"],"_links":{"self":[{"href":"http:\/\/www.bernerzucht-vom-nierszug.de\/index.php?rest_route=\/wp\/v2\/pages\/87","targetHints":{"allow":["GET"]}}],"collection":[{"href":"http:\/\/www.bernerzucht-vom-nierszug.de\/index.php?rest_route=\/wp\/v2\/pages"}],"about":[{"href":"http:\/\/www.bernerzucht-vom-nierszug.de\/index.php?rest_route=\/wp\/v2\/types\/page"}],"author":[{"embeddable":true,"href":"http:\/\/www.bernerzucht-vom-nierszug.de\/index.php?rest_route=\/wp\/v2\/users\/1"}],"replies":[{"embeddable":true,"href":"http:\/\/www.bernerzucht-vom-nierszug.de\/index.php?rest_route=%2Fwp%2Fv2%2Fcomments&post=87"}],"version-history":[{"count":52,"href":"http:\/\/www.bernerzucht-vom-nierszug.de\/index.php?rest_route=\/wp\/v2\/pages\/87\/revisions"}],"predecessor-version":[{"id":1931,"href":"http:\/\/www.bernerzucht-vom-nierszug.de\/index.php?rest_route=\/wp\/v2\/pages\/87\/revisions\/1931"}],"wp:attachment":[{"href":"http:\/\/www.bernerzucht-vom-nierszug.de\/index.php?rest_route=%2Fwp%2Fv2%2Fmedia&parent=87"}],"curies":[{"name":"wp","href":"https:\/\/api.w.org\/{rel}","templated":true}]}}