{"id":89,"date":"2020-11-05T15:40:07","date_gmt":"2020-11-05T14:40:07","guid":{"rendered":"http:\/\/www.bernerzucht-vom-nierszug.de\/?page_id=89"},"modified":"2022-09-22T15:39:26","modified_gmt":"2022-09-22T13:39:26","slug":"datenschutz","status":"publish","type":"page","link":"http:\/\/www.bernerzucht-vom-nierszug.de\/?page_id=89","title":{"rendered":"Datenschutz"},"content":{"rendered":"\t\t<div data-elementor-type=\"wp-page\" data-elementor-id=\"89\" class=\"elementor elementor-89\">\n\t\t\t\t\t\t<div class=\"elementor-inner\">\n\t\t\t\t<div class=\"elementor-section-wrap\">\n\t\t\t\t\t\t\t\t\t<section class=\"elementor-section elementor-top-section elementor-element elementor-element-26558ec elementor-section-boxed elementor-section-height-default elementor-section-height-default\" data-id=\"26558ec\" data-element_type=\"section\" data-settings=\"{&quot;background_background&quot;:&quot;classic&quot;}\">\n\t\t\t\t\t\t<div class=\"elementor-container elementor-column-gap-default\">\n\t\t\t\t\t\t\t<div class=\"elementor-row\">\n\t\t\t\t\t<div class=\"elementor-column elementor-col-100 elementor-top-column elementor-element elementor-element-498f78b3\" data-id=\"498f78b3\" data-element_type=\"column\">\n\t\t\t<div class=\"elementor-column-wrap elementor-element-populated\">\n\t\t\t\t\t\t\t<div class=\"elementor-widget-wrap\">\n\t\t\t\t\t\t<div class=\"elementor-element elementor-element-52ba2dd3 elementor-widget elementor-widget-image\" data-id=\"52ba2dd3\" data-element_type=\"widget\" data-widget_type=\"image.default\">\n\t\t\t\t<div class=\"elementor-widget-container\">\n\t\t\t\t\t\t\t\t<div class=\"elementor-image\">\n\t\t\t\t\t\t\t\t\t\t\t\t<img loading=\"lazy\" decoding=\"async\" width=\"1024\" height=\"284\" src=\"http:\/\/www.bernerzucht-vom-nierszug.de\/wp-content\/uploads\/2022\/09\/71F51952-6213-45D5-AD42-0557A4A311C9_1_201_a-1024x284.jpeg\" class=\"attachment-large size-large wp-image-1892\" alt=\"\" srcset=\"http:\/\/www.bernerzucht-vom-nierszug.de\/wp-content\/uploads\/2022\/09\/71F51952-6213-45D5-AD42-0557A4A311C9_1_201_a-1024x284.jpeg 1024w, http:\/\/www.bernerzucht-vom-nierszug.de\/wp-content\/uploads\/2022\/09\/71F51952-6213-45D5-AD42-0557A4A311C9_1_201_a-300x83.jpeg 300w, http:\/\/www.bernerzucht-vom-nierszug.de\/wp-content\/uploads\/2022\/09\/71F51952-6213-45D5-AD42-0557A4A311C9_1_201_a-768x213.jpeg 768w, http:\/\/www.bernerzucht-vom-nierszug.de\/wp-content\/uploads\/2022\/09\/71F51952-6213-45D5-AD42-0557A4A311C9_1_201_a-1536x427.jpeg 1536w, http:\/\/www.bernerzucht-vom-nierszug.de\/wp-content\/uploads\/2022\/09\/71F51952-6213-45D5-AD42-0557A4A311C9_1_201_a-2048x569.jpeg 2048w\" sizes=\"auto, (max-width: 1024px) 100vw, 1024px\" \/>\t\t\t\t\t\t\t\t\t\t\t\t\t\t<\/div>\n\t\t\t\t\t\t<\/div>\n\t\t\t\t<\/div>\n\t\t\t\t<section class=\"elementor-section elementor-inner-section elementor-element elementor-element-4f7d4c9e elementor-section-boxed elementor-section-height-default elementor-section-height-default\" data-id=\"4f7d4c9e\" data-element_type=\"section\">\n\t\t\t\t\t\t<div class=\"elementor-container elementor-column-gap-default\">\n\t\t\t\t\t\t\t<div class=\"elementor-row\">\n\t\t\t\t\t<div class=\"elementor-column elementor-col-14 elementor-inner-column elementor-element elementor-element-7dbcd3a5\" data-id=\"7dbcd3a5\" data-element_type=\"column\">\n\t\t\t<div class=\"elementor-column-wrap elementor-element-populated\">\n\t\t\t\t\t\t\t<div class=\"elementor-widget-wrap\">\n\t\t\t\t\t\t<div class=\"elementor-element elementor-element-1183571d elementor-widget elementor-widget-heading\" data-id=\"1183571d\" data-element_type=\"widget\" data-settings=\"{&quot;_animation&quot;:&quot;none&quot;}\" data-widget_type=\"heading.default\">\n\t\t\t\t<div class=\"elementor-widget-container\">\n\t\t\t<h2 class=\"elementor-heading-title elementor-size-small\"><a href=\"http:\/\/bernerzucht-vom-nierszug.de\/\">Home<\/a><\/h2>\t\t<\/div>\n\t\t\t\t<\/div>\n\t\t\t\t\t\t<\/div>\n\t\t\t\t\t<\/div>\n\t\t<\/div>\n\t\t\t\t<div class=\"elementor-column elementor-col-14 elementor-inner-column elementor-element elementor-element-3ad9a7b9\" data-id=\"3ad9a7b9\" data-element_type=\"column\">\n\t\t\t<div class=\"elementor-column-wrap elementor-element-populated\">\n\t\t\t\t\t\t\t<div class=\"elementor-widget-wrap\">\n\t\t\t\t\t\t<div class=\"elementor-element elementor-element-603689cb elementor-widget elementor-widget-heading\" data-id=\"603689cb\" data-element_type=\"widget\" data-widget_type=\"heading.default\">\n\t\t\t\t<div class=\"elementor-widget-container\">\n\t\t\t<h2 class=\"elementor-heading-title elementor-size-small\"><a href=\"http:\/\/bernerzucht-vom-nierszug.de\/?page_id=75\">\u00dcber uns...<\/a><\/h2>\t\t<\/div>\n\t\t\t\t<\/div>\n\t\t\t\t\t\t<\/div>\n\t\t\t\t\t<\/div>\n\t\t<\/div>\n\t\t\t\t<div class=\"elementor-column elementor-col-14 elementor-inner-column elementor-element elementor-element-4b27545f\" data-id=\"4b27545f\" data-element_type=\"column\">\n\t\t\t<div class=\"elementor-column-wrap elementor-element-populated\">\n\t\t\t\t\t\t\t<div class=\"elementor-widget-wrap\">\n\t\t\t\t\t\t<div class=\"elementor-element elementor-element-6b8d342e elementor-widget elementor-widget-heading\" data-id=\"6b8d342e\" data-element_type=\"widget\" data-widget_type=\"heading.default\">\n\t\t\t\t<div class=\"elementor-widget-container\">\n\t\t\t<h2 class=\"elementor-heading-title elementor-size-small\"><a href=\"http:\/\/bernerzucht-vom-nierszug.de\/?page_id=77\">Unsere Berner<\/a><\/h2>\t\t<\/div>\n\t\t\t\t<\/div>\n\t\t\t\t\t\t<\/div>\n\t\t\t\t\t<\/div>\n\t\t<\/div>\n\t\t\t\t<div class=\"elementor-column elementor-col-14 elementor-inner-column elementor-element elementor-element-410696da\" data-id=\"410696da\" data-element_type=\"column\">\n\t\t\t<div class=\"elementor-column-wrap elementor-element-populated\">\n\t\t\t\t\t\t\t<div class=\"elementor-widget-wrap\">\n\t\t\t\t\t\t<div class=\"elementor-element elementor-element-745cc9e2 elementor-widget elementor-widget-heading\" data-id=\"745cc9e2\" data-element_type=\"widget\" data-widget_type=\"heading.default\">\n\t\t\t\t<div class=\"elementor-widget-container\">\n\t\t\t<h2 class=\"elementor-heading-title elementor-size-small\"><a href=\"http:\/\/bernerzucht-vom-nierszug.de\/?page_id=79\"> Welpen<\/a><\/h2>\t\t<\/div>\n\t\t\t\t<\/div>\n\t\t\t\t\t\t<\/div>\n\t\t\t\t\t<\/div>\n\t\t<\/div>\n\t\t\t\t<div class=\"elementor-column elementor-col-14 elementor-inner-column elementor-element elementor-element-72dc18fa\" data-id=\"72dc18fa\" data-element_type=\"column\">\n\t\t\t<div class=\"elementor-column-wrap elementor-element-populated\">\n\t\t\t\t\t\t\t<div class=\"elementor-widget-wrap\">\n\t\t\t\t\t\t<div class=\"elementor-element elementor-element-304f9404 elementor-widget elementor-widget-heading\" data-id=\"304f9404\" data-element_type=\"widget\" data-widget_type=\"heading.default\">\n\t\t\t\t<div class=\"elementor-widget-container\">\n\t\t\t<h2 class=\"elementor-heading-title elementor-size-small\"><a href=\"http:\/\/bernerzucht-vom-nierszug.de\/?page_id=81\">Zucht<\/a><\/h2>\t\t<\/div>\n\t\t\t\t<\/div>\n\t\t\t\t\t\t<\/div>\n\t\t\t\t\t<\/div>\n\t\t<\/div>\n\t\t\t\t<div class=\"elementor-column elementor-col-14 elementor-inner-column elementor-element elementor-element-699250b8\" data-id=\"699250b8\" data-element_type=\"column\">\n\t\t\t<div class=\"elementor-column-wrap elementor-element-populated\">\n\t\t\t\t\t\t\t<div class=\"elementor-widget-wrap\">\n\t\t\t\t\t\t<div class=\"elementor-element elementor-element-54f48eec elementor-widget elementor-widget-heading\" data-id=\"54f48eec\" data-element_type=\"widget\" data-widget_type=\"heading.default\">\n\t\t\t\t<div class=\"elementor-widget-container\">\n\t\t\t<h2 class=\"elementor-heading-title elementor-size-small\"><a href=\"http:\/\/bernerzucht-vom-nierszug.de\/?page_id=73\"> Kontakt<\/a><\/h2>\t\t<\/div>\n\t\t\t\t<\/div>\n\t\t\t\t\t\t<\/div>\n\t\t\t\t\t<\/div>\n\t\t<\/div>\n\t\t\t\t<div class=\"elementor-column elementor-col-14 elementor-inner-column elementor-element elementor-element-3ca7f04e\" data-id=\"3ca7f04e\" data-element_type=\"column\">\n\t\t\t<div class=\"elementor-column-wrap elementor-element-populated\">\n\t\t\t\t\t\t\t<div class=\"elementor-widget-wrap\">\n\t\t\t\t\t\t<div class=\"elementor-element elementor-element-262ef4b3 elementor-widget elementor-widget-heading\" data-id=\"262ef4b3\" data-element_type=\"widget\" data-widget_type=\"heading.default\">\n\t\t\t\t<div class=\"elementor-widget-container\">\n\t\t\t<h2 class=\"elementor-heading-title elementor-size-small\"><a href=\"http:\/\/bernerzucht-vom-nierszug.de\/?page_id=85\">B\u00fcchertipps<\/a><\/h2>\t\t<\/div>\n\t\t\t\t<\/div>\n\t\t\t\t\t\t<\/div>\n\t\t\t\t\t<\/div>\n\t\t<\/div>\n\t\t\t\t\t\t\t\t<\/div>\n\t\t\t\t\t<\/div>\n\t\t<\/section>\n\t\t\t\t<div class=\"elementor-element elementor-element-97f3563 elementor-widget elementor-widget-text-editor\" data-id=\"97f3563\" data-element_type=\"widget\" data-widget_type=\"text-editor.default\">\n\t\t\t\t<div class=\"elementor-widget-container\">\n\t\t\t\t\t\t\t\t<div class=\"elementor-text-editor elementor-clearfix\">\n\t\t\t\t<p>\u00a0<\/p><h2><span style=\"color: #ffffff;\">DATENSCHUTZERKL\u00c4RUNG <\/span><\/h2><h2><span style=\"color: #ffffff;\">Geltungsbereich <\/span><\/h2><p><span style=\"color: #ffffff;\">Mit dem Besuch einer Website sind in der Regel Datenverarbeitungsprozesse verbunden, die Ihre pers\u00f6nlichen Daten betreffen k\u00f6nnen. Da Ihre pers\u00f6nlichen Daten besonders sch\u00fctzenswert sind, gibt es nach Art. 13 und 14 der europ\u00e4ischen Datenschutzgrundverordnung (EU-DSGVO) eine Informationspflicht hierzu f\u00fcr jeden Website-Betreiber. Diese Datenschutzerkl\u00e4rung sollen die Nutzer dieser Website gem\u00e4\u00df Bundesdatenschutzgesetz und Telemediengesetz \u00fcber die Art, den Umfang und den Zweck der Erhebung und Verwendung personenbezogener Daten durch den Websitebetreiber &#8211; Jutta Hammann &#8211; sowie \u00fcber die Rechte der Nutzer informieren. <\/span><\/p><h2><span style=\"color: #ffffff;\">Datenschutz <\/span><\/h2><p><span style=\"color: #ffffff;\">Ich nehme Ihren Datenschutz sehr ernst und behandeln Ihre personenbezogenen Daten vertraulich und entsprechend der gesetzlichen Vorschriften. <\/span><\/p><p><span style=\"color: #ffffff;\">Bedenken Sie, dass die Daten\u00fcbertragung im Internet grunds\u00e4tzlich mit Sicherheitsl\u00fccken bedacht sein kann. Ein vollumf\u00e4nglicher Schutz vor dem Zugriff durch Fremde ist nicht realisierbar. Die Nutzung dieser Website ist in der Regel ohne Angabe personenbezogener Daten m\u00f6glich. Soweit auf unseren Seiten personenbezogene Daten (beispielsweise Name, Anschrift oder E-Mail-Adressen) erhoben werden, erfolgt dies, soweit m\u00f6glich, stets auf freiwilliger Basis. Diese Daten werden ohne Ihre ausdr\u00fcckliche Zustimmung nicht an Dritte weitergegeben. <\/span><\/p><p><span style=\"color: #ffffff;\">Der Nutzung von im Rahmen der Impressumspflicht ver\u00f6ffentlichten Kontaktdaten durch Dritte zur \u00dcbersendung von nicht ausdr\u00fccklich angeforderter Werbung und Informationsmaterialien wird hiermit ausdr\u00fccklich widersprochen. Wir behalten uns ausdr\u00fccklich rechtliche Schritte im Falle der unverlangten Zusendung von Werbeinformationen, etwa durch Spam-Mails, vor.<\/span><\/p><p><span style=\"color: #ffffff;\">Als Websitebetreiber dieser Website ist,<\/span><\/p><p><span style=\"color: #ffffff;\">Ernst &amp; Jutta Hammann<\/span><br \/><span style=\"color: #ffffff;\">Ratherhofstr. 15<\/span><br \/><span style=\"color: #ffffff;\">41363 J\u00fcchen<\/span><br \/><span style=\"color: #ffffff;\">Email: bernerzucht-aus rath.de<\/span><\/p><p><span style=\"color: #ffffff;\">Internet: www.bernerzucht-vom-nierszug.de<\/span><\/p><p><span style=\"color: #ffffff;\">verantwortlich f\u00fcr die Datenverarbeitung, die Ihnen durch den Besuch auf dieser Website entsteht. <\/span><\/p><h2><span style=\"color: #ffffff;\">Technisch notwendige Cookies <\/span><\/h2><p><span style=\"color: #ffffff;\">Ich setzte auf meiner Website Cookies ein. Hierbei handelt es sich um kleine Dateien, die Ihr Browser automatisch erstellt und die auf Ihrem Endger\u00e4t (Laptop, Tablet, Smartphone o.\u00e4.) gespeichert werden, wenn Sie meine Seite besuchen. Cookies richten auf Ihrem Endger\u00e4t keinen Schaden an, enthalten keine Viren, Trojaner oder sonstige Schadsoftware.<\/span><\/p><p><span style=\"color: #ffffff;\">In dem Cookie werden Informationen abgelegt, die sich jeweils im Zusammenhang mit dem spezifisch eingesetzten Endger\u00e4t ergeben. Dies bedeutet jedoch nicht, dass ich dadurch Kenntnis von Ihrer Identit\u00e4t erhalte.<\/span><\/p><p><span style=\"color: #ffffff;\">Der Einsatz von Cookies dient einerseits dazu, die Nutzung unseres Angebots f\u00fcr Sie angenehmer zu gestalten. So setze ich sogenannte Session-Cookies ein, um zu erkennen, dass Sie einzelne Seiten unserer Website bereits besucht haben. Diese werden nach Verlassen unserer Seite automatisch gel\u00f6scht.<\/span><\/p><p><span style=\"color: #ffffff;\">Dar\u00fcber hinaus setze ich ebenfalls zur Optimierung der Benutzerfreundlichkeit tempor\u00e4re Cookies ein, die f\u00fcr einen bestimmten festgelegten Zeitraum auf Ihrem Endger\u00e4t gespeichert werden. Besuchen Sie meine Seite erneut, um die Dienste in Anspruch zu nehmen, wird automatisch erkannt, dass Sie bereits bei mir waren und welche Eingaben und Einstellungen sie get\u00e4tigt haben, um diese nicht noch einmal eingeben zu m\u00fcssen.<\/span><\/p><p><span style=\"color: #ffffff;\">Die durch Cookies verarbeiteten Daten sind f\u00fcr die genannten Zwecke zur Wahrung meiner berechtigten Interessen sowie der Dritter nach Art. 6 Abs. 1 S. 1 f DSGVO erforderlich.<\/span><\/p><p><span style=\"color: #ffffff;\">Die meisten Browser akzeptieren Cookies automatisch. Sie k\u00f6nnen Ihren Browser jedoch so konfigurieren, dass keine Cookies auf Ihrem Computer gespeichert werden oder stets ein Hinweis erscheint, bevor ein neuer Cookie angelegt wird. Die vollst\u00e4ndige Deaktivierung von Cookies kann jedoch dazu f\u00fchren, dass Sie nicht alle Funktionen meiner Website nutzen k\u00f6nnen.<\/span><\/p><h2><span style=\"color: #ffffff;\">Server-LogFiles<\/span><\/h2><p><span style=\"color: #ffffff;\">Der Provider der Seiten erhebt und speichert vor\u00fcbergehend automatisch Informationen in sogenannten Server-Log Files, die Ihr Browser automatisch an uns \u00fcbermittelt. Dies sind: <\/span><\/p><p><span style=\"color: #ffffff;\">&#8211; Browsertyp und Browserversion <\/span><br \/><span style=\"color: #ffffff;\">&#8211; verwendetes Betriebssystem <\/span><br \/><span style=\"color: #ffffff;\">&#8211; Referrer URL <\/span><br \/><span style=\"color: #ffffff;\">&#8211; Hostname des zugreifenden Rechners <\/span><br \/><span style=\"color: #ffffff;\">&#8211; Datum und Uhrzeit der Serveranfrage <\/span><br \/><span style=\"color: #ffffff;\">&#8211; Inhalt der Anforderung (konkrete Seite)<\/span><br \/><span style=\"color: #ffffff;\">&#8211; Menge der gesendeten Daten in Byte <\/span><br \/><span style=\"color: #ffffff;\">&#8211; verwendete IP-Adresse <\/span><br \/><span style=\"color: #ffffff;\">&#8211; Zugriffsstatus\/HTTP-Statuscode<\/span><\/p><p><span style=\"color: #ffffff;\">Die erhobenen Daten dienen lediglich statistischen Auswertungen und zur Stabilit\u00e4t und Sicherheit der Website. <\/span><br \/><span style=\"color: #ffffff;\">Insbesondere werden die Daten ben\u00f6tigt: <\/span><\/p><p><span style=\"color: #ffffff;\">&#8211; zur Gew\u00e4hrleistung eines reibungslosen Verbindungsaufbaus der Website<\/span><br \/><span style=\"color: #ffffff;\">&#8211; zur Gew\u00e4hrleistung einer komfortablen Nutzung unserer Website<\/span><br \/><span style=\"color: #ffffff;\">&#8211; zur Auswertung der Systemsicherheit und -stabilit\u00e4t sowie<\/span><br \/><span style=\"color: #ffffff;\">&#8211; zu weiteren administrativen Zwecken.<\/span><\/p><p><span style=\"color: #ffffff;\">Wir behalten uns allerdings vor, die Server-Logfiles nachtr\u00e4glich zu \u00fcberpr\u00fcfen, sollten konkrete Anhaltspunkte auf eine rechtswidrige Nutzung hinweisen.<\/span><\/p>\t\t\t\t\t<\/div>\n\t\t\t\t\t\t<\/div>\n\t\t\t\t<\/div>\n\t\t\t\t\t\t<\/div>\n\t\t\t\t\t<\/div>\n\t\t<\/div>\n\t\t\t\t\t\t\t\t<\/div>\n\t\t\t\t\t<\/div>\n\t\t<\/section>\n\t\t\t\t<section class=\"elementor-section elementor-top-section elementor-element elementor-element-39839bbc elementor-section-boxed elementor-section-height-default elementor-section-height-default\" data-id=\"39839bbc\" data-element_type=\"section\" data-settings=\"{&quot;background_background&quot;:&quot;classic&quot;}\">\n\t\t\t\t\t\t<div class=\"elementor-container elementor-column-gap-default\">\n\t\t\t\t\t\t\t<div class=\"elementor-row\">\n\t\t\t\t\t<div class=\"elementor-column elementor-col-33 elementor-top-column elementor-element elementor-element-1387eed3\" data-id=\"1387eed3\" data-element_type=\"column\">\n\t\t\t<div class=\"elementor-column-wrap elementor-element-populated\">\n\t\t\t\t\t\t\t<div class=\"elementor-widget-wrap\">\n\t\t\t\t\t\t<div class=\"elementor-element elementor-element-3985653a elementor-invisible elementor-widget elementor-widget-heading\" data-id=\"3985653a\" data-element_type=\"widget\" data-settings=\"{&quot;_animation&quot;:&quot;fadeIn&quot;}\" data-widget_type=\"heading.default\">\n\t\t\t\t<div class=\"elementor-widget-container\">\n\t\t\t<h2 class=\"elementor-heading-title elementor-size-default\">SOCIAL<br><\/h2>\t\t<\/div>\n\t\t\t\t<\/div>\n\t\t\t\t<div class=\"elementor-element elementor-element-38e45d5 e-grid-align-tablet-left elementor-shape-rounded elementor-grid-0 e-grid-align-center elementor-widget elementor-widget-social-icons\" data-id=\"38e45d5\" data-element_type=\"widget\" data-widget_type=\"social-icons.default\">\n\t\t\t\t<div class=\"elementor-widget-container\">\n\t\t\t\t\t<div class=\"elementor-social-icons-wrapper elementor-grid\">\n\t\t\t\t\t\t\t<span class=\"elementor-grid-item\">\n\t\t\t\t\t<a class=\"elementor-icon elementor-social-icon elementor-social-icon-instagram elementor-repeater-item-0a688c9\" href=\"https:\/\/www.instagram.com\/p\/CHLWr19hsul\/?igshid=1puh0f3me8az5\" target=\"_blank\">\n\t\t\t\t\t\t<span class=\"elementor-screen-only\">Instagram<\/span>\n\t\t\t\t\t\t<i class=\"fab fa-instagram\"><\/i>\t\t\t\t\t<\/a>\n\t\t\t\t<\/span>\n\t\t\t\t\t\t\t<span class=\"elementor-grid-item\">\n\t\t\t\t\t<a class=\"elementor-icon elementor-social-icon elementor-social-icon-facebook-f elementor-repeater-item-0444518\" target=\"_blank\">\n\t\t\t\t\t\t<span class=\"elementor-screen-only\">Facebook-f<\/span>\n\t\t\t\t\t\t<i class=\"fab fa-facebook-f\"><\/i>\t\t\t\t\t<\/a>\n\t\t\t\t<\/span>\n\t\t\t\t\t\t\t<span class=\"elementor-grid-item\">\n\t\t\t\t\t<a class=\"elementor-icon elementor-social-icon elementor-social-icon-whatsapp elementor-repeater-item-fec457a\" href=\"https:\/\/wa.me\/491749486809\" target=\"_blank\">\n\t\t\t\t\t\t<span class=\"elementor-screen-only\">Whatsapp<\/span>\n\t\t\t\t\t\t<i class=\"fab fa-whatsapp\"><\/i>\t\t\t\t\t<\/a>\n\t\t\t\t<\/span>\n\t\t\t\t\t<\/div>\n\t\t\t\t<\/div>\n\t\t\t\t<\/div>\n\t\t\t\t\t\t<\/div>\n\t\t\t\t\t<\/div>\n\t\t<\/div>\n\t\t\t\t<div class=\"elementor-column elementor-col-33 elementor-top-column elementor-element elementor-element-7e8f2627\" data-id=\"7e8f2627\" data-element_type=\"column\">\n\t\t\t<div class=\"elementor-column-wrap elementor-element-populated\">\n\t\t\t\t\t\t\t<div class=\"elementor-widget-wrap\">\n\t\t\t\t\t\t<div class=\"elementor-element elementor-element-5ae78024 elementor-invisible elementor-widget elementor-widget-heading\" data-id=\"5ae78024\" data-element_type=\"widget\" data-settings=\"{&quot;_animation&quot;:&quot;fadeIn&quot;}\" data-widget_type=\"heading.default\">\n\t\t\t\t<div class=\"elementor-widget-container\">\n\t\t\t<h2 class=\"elementor-heading-title elementor-size-default\"><br>wir z\u00fcchten seit 2004<br><br>mit gesunden Hunden, <br><br>alle Hunde sind<br> <br>HD  frei,  ED-0 und haben  <br> <br>\nAhnentafeln vom Schweizer<br><br> Sennenhund Verein         <br><br><br><\/h2>\t\t<\/div>\n\t\t\t\t<\/div>\n\t\t\t\t\t\t<\/div>\n\t\t\t\t\t<\/div>\n\t\t<\/div>\n\t\t\t\t<div class=\"elementor-column elementor-col-33 elementor-top-column elementor-element elementor-element-27871b26\" data-id=\"27871b26\" data-element_type=\"column\">\n\t\t\t<div class=\"elementor-column-wrap elementor-element-populated\">\n\t\t\t\t\t\t\t<div class=\"elementor-widget-wrap\">\n\t\t\t\t\t\t<div class=\"elementor-element elementor-element-3f6650bb elementor-invisible elementor-widget elementor-widget-heading\" data-id=\"3f6650bb\" data-element_type=\"widget\" data-settings=\"{&quot;_animation&quot;:&quot;fadeIn&quot;}\" data-widget_type=\"heading.default\">\n\t\t\t\t<div class=\"elementor-widget-container\">\n\t\t\t<h2 class=\"elementor-heading-title elementor-size-default\"><a href=\"http:\/\/bernerzucht-vom-nierszug.de\/?page_id=87\">Impressum<\/a><\/h2>\t\t<\/div>\n\t\t\t\t<\/div>\n\t\t\t\t<div class=\"elementor-element elementor-element-e1d8914 elementor-invisible elementor-widget elementor-widget-heading\" data-id=\"e1d8914\" data-element_type=\"widget\" data-settings=\"{&quot;_animation&quot;:&quot;fadeIn&quot;}\" data-widget_type=\"heading.default\">\n\t\t\t\t<div class=\"elementor-widget-container\">\n\t\t\t<h2 class=\"elementor-heading-title elementor-size-default\"><a href=\"http:\/\/bernerzucht-vom-nierszug.de\/?page_id=89\">Datenschutz<\/a><\/h2>\t\t<\/div>\n\t\t\t\t<\/div>\n\t\t\t\t\t\t<\/div>\n\t\t\t\t\t<\/div>\n\t\t<\/div>\n\t\t\t\t\t\t\t\t<\/div>\n\t\t\t\t\t<\/div>\n\t\t<\/section>\n\t\t\t\t\t\t\t\t\t<\/div>\n\t\t\t<\/div>\n\t\t\t\t\t<\/div>\n\t\t","protected":false},"excerpt":{"rendered":"<p>Home \u00dcber uns&#8230; Unsere Berner Welpen Zucht Kontakt B\u00fcchertipps \u00a0 DATENSCHUTZERKL\u00c4RUNG Geltungsbereich Mit dem Besuch einer Website sind in der Regel Datenverarbeitungsprozesse verbunden, die Ihre pers\u00f6nlichen Daten betreffen k\u00f6nnen. Da Ihre pers\u00f6nlichen Daten besonders sch\u00fctzenswert sind, gibt es nach Art. 13 und 14 der europ\u00e4ischen Datenschutzgrundverordnung (EU-DSGVO) eine Informationspflicht hierzu f\u00fcr jeden Website-Betreiber. Diese Datenschutzerkl\u00e4rung [&hellip;]<\/p>\n","protected":false},"author":1,"featured_media":0,"parent":0,"menu_order":0,"comment_status":"closed","ping_status":"closed","template":"","meta":{"footnotes":""},"class_list":["post-89","page","type-page","status-publish","hentry","entry"],"_links":{"self":[{"href":"http:\/\/www.bernerzucht-vom-nierszug.de\/index.php?rest_route=\/wp\/v2\/pages\/89","targetHints":{"allow":["GET"]}}],"collection":[{"href":"http:\/\/www.bernerzucht-vom-nierszug.de\/index.php?rest_route=\/wp\/v2\/pages"}],"about":[{"href":"http:\/\/www.bernerzucht-vom-nierszug.de\/index.php?rest_route=\/wp\/v2\/types\/page"}],"author":[{"embeddable":true,"href":"http:\/\/www.bernerzucht-vom-nierszug.de\/index.php?rest_route=\/wp\/v2\/users\/1"}],"replies":[{"embeddable":true,"href":"http:\/\/www.bernerzucht-vom-nierszug.de\/index.php?rest_route=%2Fwp%2Fv2%2Fcomments&post=89"}],"version-history":[{"count":43,"href":"http:\/\/www.bernerzucht-vom-nierszug.de\/index.php?rest_route=\/wp\/v2\/pages\/89\/revisions"}],"predecessor-version":[{"id":1958,"href":"http:\/\/www.bernerzucht-vom-nierszug.de\/index.php?rest_route=\/wp\/v2\/pages\/89\/revisions\/1958"}],"wp:attachment":[{"href":"http:\/\/www.bernerzucht-vom-nierszug.de\/index.php?rest_route=%2Fwp%2Fv2%2Fmedia&parent=89"}],"curies":[{"name":"wp","href":"https:\/\/api.w.org\/{rel}","templated":true}]}}